{"id":593,"date":"2024-12-22T20:15:19","date_gmt":"2024-12-22T17:15:19","guid":{"rendered":"https:\/\/www.minuaplast.com\/?post_type=product&#038;p=593"},"modified":"2025-02-10T19:17:58","modified_gmt":"2025-02-10T16:17:58","slug":"pe-100-hdpe-altyapi-borulari","status":"publish","type":"product","link":"https:\/\/www.minuaplast.com\/tr\/urunlerimiz\/pe-100-hdpe-altyapi-borulari\/","title":{"rendered":"PE-100 (HDPE) Altyap\u0131 Borular\u0131"},"content":{"rendered":"<p>Altyap\u0131 sistemlerinde en s\u0131k kullan\u0131lan boru se\u00e7enekleri aras\u0131nda, y\u00fcksek yo\u011funluklu polietilen (HDPE) hammaddesinden \u00fcretilen <strong>PE-100 borular<\/strong> \u00f6ne \u00e7\u0131kmaktad\u0131r. Bu borular\u0131n p\u00fcr\u00fczs\u00fcz i\u00e7 yap\u0131s\u0131, ak\u0131\u015fkan ge\u00e7i\u015flerini kolayla\u015ft\u0131r\u0131rken; sert ve sa\u011flam d\u0131\u015f y\u00fczeyi ise d\u0131\u015far\u0131dan gelebilecek darbelere ve \u00e7evresel ko\u015fullara kar\u015f\u0131 \u00fcst\u00fcn koruma sa\u011flar. Ayr\u0131ca, <strong>korozyona kar\u015f\u0131 diren\u00e7li<\/strong> yap\u0131s\u0131 sayesinde uzun \u00f6m\u00fcr sunarak bak\u0131m ve onar\u0131m gereksinimini minimuma indirir.<\/p>\n<p>HDPE borular\u0131n en \u00f6nemli \u00f6zelliklerinden biri, <strong>tortu olu\u015fumuna kar\u015f\u0131 diren\u00e7<\/strong> g\u00f6stermesidir. \u00d6zellikle <strong>tuzlu sular<\/strong> ve <strong>kanalizasyon at\u0131klar\u0131nda<\/strong> bulunmas\u0131 muhtemel kimyasallardan etkilenmeyerek altyap\u0131 sistemlerinde g\u00fcvenilir bir kullan\u0131m imk\u00e2n\u0131 sunar. Bu dayan\u0131kl\u0131l\u0131k, s\u00f6z konusu borular\u0131 <strong>madencilik, drenaj, gaz toplama hatlar\u0131, telekom\u00fcnikasyon kablolama<\/strong> gibi farkl\u0131 sekt\u00f6rlerde de tercih edilen \u00e7ok y\u00f6nl\u00fc \u00fcr\u00fcnler haline getirmektedir. Yine <strong>su \u015febekeleri<\/strong>, <strong>kat\u0131 at\u0131k depolama<\/strong> ve <strong>su transferi<\/strong> uygulamalar\u0131nda, insan sa\u011fl\u0131\u011f\u0131n\u0131 riske atmayacak nitelikleriyle \u00f6ne \u00e7\u0131kar.<\/p>\n<ul>\n<li><strong>Polietilenin (HDPE) korozyona u\u011framamas\u0131, kimyasallardan etkilenmemesi ve y\u00fcksek a\u015f\u0131nma dayan\u0131m\u0131<\/strong>, bu borular\u0131n kullan\u0131m \u00f6mr\u00fcn\u00fc di\u011fer pek \u00e7ok alternatife g\u00f6re avantajl\u0131 hale getirmektedir. Minimum <strong>50 y\u0131l<\/strong> gibi uzun bir s\u00fcre kullan\u0131m imk\u00e2n\u0131 sa\u011flamas\u0131, projelerde s\u00fcrd\u00fcr\u00fclebilirli\u011fi art\u0131ran kritik bir etkendir.<\/li>\n<li>HDPE \u00fcr\u00fcn\u00fcn y\u00fcksek kaynak kabiliyeti sayesinde farkl\u0131 <strong>birle\u015ftirme y\u00f6ntemleri<\/strong> kullan\u0131larak projeye uygun esnek \u00e7\u00f6z\u00fcmler olu\u015fturmak m\u00fcmk\u00fcnd\u00fcr. <strong>Al\u0131n kaynak<\/strong>, <strong>elektrof\u00fczyon kaynak<\/strong>, <strong>itme soket<\/strong> ve <strong>ekstr\u00fczyon kaynak<\/strong> metotlar\u0131, her projede farkl\u0131 ihtiya\u00e7lara cevap veren pratik uygulama se\u00e7enekleri sunar.<\/li>\n<li><strong>PE-100 (HDPE) borular<\/strong>, projeye uygun \u015fekilde farkl\u0131 bas\u0131n\u00e7 s\u0131n\u0131flar\u0131nda \u00fcretilebilir. Bu durum hammadde tasarrufu sa\u011flamakla birlikte projenin maliyet ve performans hedeflerini de destekler.<\/li>\n<\/ul>\n<p>Bu \u00e7ok y\u00f6nl\u00fc ve dayan\u0131kl\u0131 \u00f6zellikler, <strong>altyap\u0131<\/strong> ve end\u00fcstriyel uygulamalarda HDPE borular\u0131n tercih edilme sebeplerini a\u00e7\u0131k\u00e7a ortaya koymaktad\u0131r. Ta\u015f\u0131ma ve montaj kolayl\u0131\u011f\u0131 sayesinde i\u015f g\u00fcc\u00fc maliyetlerini d\u00fc\u015f\u00fcren bu borular, ayn\u0131 zamanda \u00e7evre ve insan sa\u011fl\u0131\u011f\u0131na dost yap\u0131s\u0131yla da \u00f6ne \u00e7\u0131kar. Kimyasal ve mekanik etkilere kar\u015f\u0131 g\u00f6sterdi\u011fi \u00fcst\u00fcn diren\u00e7, boru hatlar\u0131n\u0131n hizmet \u00f6mr\u00fcn\u00fc uzat\u0131rken, uzun s\u00fcreli ve g\u00fcvenli bir i\u015fletme olana\u011f\u0131 sa\u011flar. <strong>Sonu\u00e7 olarak, PE-100 (HDPE) borular; dayan\u0131kl\u0131l\u0131k, esneklik, y\u00fcksek performans ve uzun \u00f6m\u00fcrl\u00fcl\u00fck<\/strong> gibi \u00f6zellikleriyle altyap\u0131 projelerinde vazge\u00e7ilmez bir se\u00e7enek olu\u015fturmaktad\u0131r.<\/p>\n<p><img data-recalc-dims=\"1\" loading=\"lazy\" decoding=\"async\" class=\"alignnone wp-image-603 size-full\" src=\"https:\/\/i0.wp.com\/www.minuaplast.com\/wp-content\/uploads\/2024\/12\/SDR41-PN4.png?resize=1080%2C432&#038;ssl=1\" alt=\"\" width=\"1080\" height=\"432\" srcset=\"https:\/\/i0.wp.com\/www.minuaplast.com\/wp-content\/uploads\/2024\/12\/SDR41-PN4.png?w=3000&amp;ssl=1 3000w, https:\/\/i0.wp.com\/www.minuaplast.com\/wp-content\/uploads\/2024\/12\/SDR41-PN4.png?resize=300%2C120&amp;ssl=1 300w, https:\/\/i0.wp.com\/www.minuaplast.com\/wp-content\/uploads\/2024\/12\/SDR41-PN4.png?resize=1024%2C410&amp;ssl=1 1024w, https:\/\/i0.wp.com\/www.minuaplast.com\/wp-content\/uploads\/2024\/12\/SDR41-PN4.png?resize=768%2C307&amp;ssl=1 768w, https:\/\/i0.wp.com\/www.minuaplast.com\/wp-content\/uploads\/2024\/12\/SDR41-PN4.png?resize=1536%2C614&amp;ssl=1 1536w, https:\/\/i0.wp.com\/www.minuaplast.com\/wp-content\/uploads\/2024\/12\/SDR41-PN4.png?resize=2048%2C819&amp;ssl=1 2048w, https:\/\/i0.wp.com\/www.minuaplast.com\/wp-content\/uploads\/2024\/12\/SDR41-PN4.png?resize=18%2C7&amp;ssl=1 18w, https:\/\/i0.wp.com\/www.minuaplast.com\/wp-content\/uploads\/2024\/12\/SDR41-PN4.png?resize=600%2C240&amp;ssl=1 600w, https:\/\/i0.wp.com\/www.minuaplast.com\/wp-content\/uploads\/2024\/12\/SDR41-PN4.png?w=2160&amp;ssl=1 2160w\" sizes=\"auto, (max-width: 1080px) 100vw, 1080px\" \/><\/p>\n","protected":false},"excerpt":{"rendered":"<p>Altyap\u0131 sistemlerinde en s\u0131k kullan\u0131lan boru se\u00e7enekleri aras\u0131nda, y\u00fcksek yo\u011funluklu polietilen (HDPE) hammaddesinden \u00fcretilen PE-100 borular \u00f6ne \u00e7\u0131kmaktad\u0131r. Bu borular\u0131n p\u00fcr\u00fczs\u00fcz i\u00e7 yap\u0131s\u0131, ak\u0131\u015fkan ge\u00e7i\u015flerini kolayla\u015ft\u0131r\u0131rken; sert ve sa\u011flam d\u0131\u015f&#8230;<\/p>\n","protected":false},"featured_media":595,"template":"","meta":[],"product_cat":[21],"product_tag":[],"class_list":{"0":"post-593","1":"product","2":"type-product","3":"status-publish","4":"has-post-thumbnail","6":"product_cat-pe-100-hdpe-altyapi-borulari","8":"first","9":"instock","10":"shipping-taxable","11":"product-type-simple"},"jetpack_sharing_enabled":true,"_links":{"self":[{"href":"https:\/\/www.minuaplast.com\/tr\/wp-json\/wp\/v2\/product\/593","targetHints":{"allow":["GET"]}}],"collection":[{"href":"https:\/\/www.minuaplast.com\/tr\/wp-json\/wp\/v2\/product"}],"about":[{"href":"https:\/\/www.minuaplast.com\/tr\/wp-json\/wp\/v2\/types\/product"}],"wp:featuredmedia":[{"embeddable":true,"href":"https:\/\/www.minuaplast.com\/tr\/wp-json\/wp\/v2\/media\/595"}],"wp:attachment":[{"href":"https:\/\/www.minuaplast.com\/tr\/wp-json\/wp\/v2\/media?parent=593"}],"wp:term":[{"taxonomy":"product_cat","embeddable":true,"href":"https:\/\/www.minuaplast.com\/tr\/wp-json\/wp\/v2\/product_cat?post=593"},{"taxonomy":"product_tag","embeddable":true,"href":"https:\/\/www.minuaplast.com\/tr\/wp-json\/wp\/v2\/product_tag?post=593"}],"curies":[{"name":"wp","href":"https:\/\/api.w.org\/{rel}","templated":true}]}}