{"id":553,"date":"2024-11-27T19:13:37","date_gmt":"2024-11-27T16:13:37","guid":{"rendered":"https:\/\/www.minuaplast.com\/?post_type=product&#038;p=553"},"modified":"2024-12-12T23:43:14","modified_gmt":"2024-12-12T20:43:14","slug":"4-5-m-mandalli-yagmurlama-borulari","status":"publish","type":"product","link":"https:\/\/www.minuaplast.com\/tr\/urunlerimiz\/4-5-m-mandalli-yagmurlama-borulari\/","title":{"rendered":"4.5 m Mandall\u0131 Ya\u011fmurlama Borular\u0131\u00a0"},"content":{"rendered":"<p><strong>HAMMADE :<\/strong> Y\u00fcksek Yo\u011funluklu\u00a0<a class=\"x-el x-el-a c1-2w c1-2x c1-1u c1-1v c1-1w c1-2y c1-1y c1-2g c1-2i c1-2h c1-2j c1-2k c1-2l c1-8y c1-b c1-34 c1-35 c1-2a c1-36\" href=\"https:\/\/minuaplast0.godaddysites.com\/%C3%BCr%C3%BCn-%C3%B6l%C3%A7%C3%BC-tablosu\" rel=\"\" data-page=\"76ff3cd5-25e3-4aff-9241-6bc2347042ef\">\u00a0<\/a>Polietilen (HDPE)<\/p>\n<p><strong>BASIN\u00c7:<\/strong> 6 AT\u00dc \u00c7al\u0131\u015fma Bas\u0131nc\u0131<\/p>\n<ul>\n<li>Darbelere, g\u00fcne\u015f \u0131\u015f\u0131klar\u0131na kar\u0131 dayana\u0131kl\u0131 k\u0131r\u0131lmaz boru,<\/li>\n<li>Korozyona kar\u015f\u0131 diren\u00e7,<\/li>\n<li>Mikroorganizmalara ve kemirgenlere kar\u015f\u0131 dayan\u0131kl\u0131l\u0131k,<\/li>\n<li>Her t\u00fcrl\u00fc arazi \u015fartlar\u0131nda kolay d\u00f6\u015feme olana\u011f\u0131,<\/li>\n<li>Ta\u015f\u0131ma ve birle\u015ftirme kolayl\u0131\u011f\u0131,<\/li>\n<li>S\u0131zd\u0131rmazl\u0131k sa\u011flayarak su kay\u0131plar\u0131n\u0131 ortadan kald\u0131ran g\u00fcvenli cont sistemi,<\/li>\n<li>Di\u011fer ya\u011fmurlama sulama sistemlerine tam anlam\u0131yla uygunluk sa\u011flar.<\/li>\n<\/ul>\n<p><img data-recalc-dims=\"1\" loading=\"lazy\" decoding=\"async\" class=\"alignnone wp-image-573 size-full\" src=\"https:\/\/i0.wp.com\/www.minuaplast.com\/wp-content\/uploads\/2024\/11\/GenelOlcuTablosu.png?resize=600%2C450&#038;ssl=1\" alt=\"\" width=\"600\" height=\"450\" srcset=\"https:\/\/i0.wp.com\/www.minuaplast.com\/wp-content\/uploads\/2024\/11\/GenelOlcuTablosu.png?w=600&amp;ssl=1 600w, https:\/\/i0.wp.com\/www.minuaplast.com\/wp-content\/uploads\/2024\/11\/GenelOlcuTablosu.png?resize=300%2C225&amp;ssl=1 300w, https:\/\/i0.wp.com\/www.minuaplast.com\/wp-content\/uploads\/2024\/11\/GenelOlcuTablosu.png?resize=16%2C12&amp;ssl=1 16w\" sizes=\"auto, (max-width: 600px) 100vw, 600px\" \/><\/p>\n","protected":false},"excerpt":{"rendered":"<p>HAMMADE : Y\u00fcksek Yo\u011funluklu\u00a0\u00a0Polietilen (HDPE) BASIN\u00c7: 6 AT\u00dc \u00c7al\u0131\u015fma Bas\u0131nc\u0131 Darbelere, g\u00fcne\u015f \u0131\u015f\u0131klar\u0131na kar\u0131 dayana\u0131kl\u0131 k\u0131r\u0131lmaz boru, Korozyona kar\u015f\u0131 diren\u00e7, Mikroorganizmalara ve kemirgenlere kar\u015f\u0131 dayan\u0131kl\u0131l\u0131k, Her t\u00fcrl\u00fc arazi \u015fartlar\u0131nda kolay&#8230;<\/p>\n","protected":false},"featured_media":560,"template":"","meta":[],"product_cat":[20],"product_tag":[],"class_list":{"0":"post-553","1":"product","2":"type-product","3":"status-publish","4":"has-post-thumbnail","6":"product_cat-yagmurlama-sulama-sistemleri","8":"first","9":"instock","10":"shipping-taxable","11":"product-type-simple"},"jetpack_sharing_enabled":true,"_links":{"self":[{"href":"https:\/\/www.minuaplast.com\/tr\/wp-json\/wp\/v2\/product\/553","targetHints":{"allow":["GET"]}}],"collection":[{"href":"https:\/\/www.minuaplast.com\/tr\/wp-json\/wp\/v2\/product"}],"about":[{"href":"https:\/\/www.minuaplast.com\/tr\/wp-json\/wp\/v2\/types\/product"}],"wp:featuredmedia":[{"embeddable":true,"href":"https:\/\/www.minuaplast.com\/tr\/wp-json\/wp\/v2\/media\/560"}],"wp:attachment":[{"href":"https:\/\/www.minuaplast.com\/tr\/wp-json\/wp\/v2\/media?parent=553"}],"wp:term":[{"taxonomy":"product_cat","embeddable":true,"href":"https:\/\/www.minuaplast.com\/tr\/wp-json\/wp\/v2\/product_cat?post=553"},{"taxonomy":"product_tag","embeddable":true,"href":"https:\/\/www.minuaplast.com\/tr\/wp-json\/wp\/v2\/product_tag?post=553"}],"curies":[{"name":"wp","href":"https:\/\/api.w.org\/{rel}","templated":true}]}}