{"id":41,"date":"2024-11-11T16:54:02","date_gmt":"2024-11-11T16:54:02","guid":{"rendered":"https:\/\/minuaplast.com\/?post_type=product&#038;p=41"},"modified":"2024-12-13T01:51:23","modified_gmt":"2024-12-12T22:51:23","slug":"te","status":"publish","type":"product","link":"https:\/\/www.minuaplast.com\/tr\/urunlerimiz\/te\/","title":{"rendered":"TE"},"content":{"rendered":"<p><strong>HAMMADE :<\/strong> Y\u00fcksek Yo\u011funluklu\u00a0<a class=\"x-el x-el-a c1-2w c1-2x c1-1u c1-1v c1-1w c1-2y c1-1y c1-2g c1-2i c1-2h c1-2j c1-2k c1-2l c1-8y c1-b c1-34 c1-35 c1-2a c1-36\" href=\"https:\/\/minuaplast0.godaddysites.com\/%C3%BCr%C3%BCn-%C3%B6l%C3%A7%C3%BC-tablosu\" rel=\"\" data-page=\"76ff3cd5-25e3-4aff-9241-6bc2347042ef\">\u00a0<\/a>Polietilen (HDPE)<\/p>\n<p><strong>BASIN\u00c7:<\/strong> 6 AT\u00dc \u00c7al\u0131\u015fma Bas\u0131nc\u0131<\/p>\n<p><img data-recalc-dims=\"1\" loading=\"lazy\" decoding=\"async\" class=\"alignnone wp-image-579 size-full\" src=\"https:\/\/i0.wp.com\/www.minuaplast.com\/wp-content\/uploads\/2024\/11\/IstavrozveTEOlcuTablosu.png?resize=630%2C1650&#038;ssl=1\" alt=\"\" width=\"630\" height=\"1650\" srcset=\"https:\/\/i0.wp.com\/www.minuaplast.com\/wp-content\/uploads\/2024\/11\/IstavrozveTEOlcuTablosu.png?w=630&amp;ssl=1 630w, https:\/\/i0.wp.com\/www.minuaplast.com\/wp-content\/uploads\/2024\/11\/IstavrozveTEOlcuTablosu.png?resize=115%2C300&amp;ssl=1 115w, https:\/\/i0.wp.com\/www.minuaplast.com\/wp-content\/uploads\/2024\/11\/IstavrozveTEOlcuTablosu.png?resize=391%2C1024&amp;ssl=1 391w, https:\/\/i0.wp.com\/www.minuaplast.com\/wp-content\/uploads\/2024\/11\/IstavrozveTEOlcuTablosu.png?resize=586%2C1536&amp;ssl=1 586w, https:\/\/i0.wp.com\/www.minuaplast.com\/wp-content\/uploads\/2024\/11\/IstavrozveTEOlcuTablosu.png?resize=5%2C12&amp;ssl=1 5w, https:\/\/i0.wp.com\/www.minuaplast.com\/wp-content\/uploads\/2024\/11\/IstavrozveTEOlcuTablosu.png?resize=600%2C1571&amp;ssl=1 600w\" sizes=\"auto, (max-width: 630px) 100vw, 630px\" \/><\/p>\n","protected":false},"excerpt":{"rendered":"<p>HAMMADE : Y\u00fcksek Yo\u011funluklu\u00a0\u00a0Polietilen (HDPE) BASIN\u00c7: 6 AT\u00dc \u00c7al\u0131\u015fma Bas\u0131nc\u0131<\/p>\n","protected":false},"featured_media":42,"template":"","meta":[],"product_cat":[20],"product_tag":[],"class_list":{"0":"post-41","1":"product","2":"type-product","3":"status-publish","4":"has-post-thumbnail","6":"product_cat-yagmurlama-sulama-sistemleri","8":"first","9":"instock","10":"shipping-taxable","11":"product-type-simple"},"jetpack_sharing_enabled":true,"_links":{"self":[{"href":"https:\/\/www.minuaplast.com\/tr\/wp-json\/wp\/v2\/product\/41","targetHints":{"allow":["GET"]}}],"collection":[{"href":"https:\/\/www.minuaplast.com\/tr\/wp-json\/wp\/v2\/product"}],"about":[{"href":"https:\/\/www.minuaplast.com\/tr\/wp-json\/wp\/v2\/types\/product"}],"wp:featuredmedia":[{"embeddable":true,"href":"https:\/\/www.minuaplast.com\/tr\/wp-json\/wp\/v2\/media\/42"}],"wp:attachment":[{"href":"https:\/\/www.minuaplast.com\/tr\/wp-json\/wp\/v2\/media?parent=41"}],"wp:term":[{"taxonomy":"product_cat","embeddable":true,"href":"https:\/\/www.minuaplast.com\/tr\/wp-json\/wp\/v2\/product_cat?post=41"},{"taxonomy":"product_tag","embeddable":true,"href":"https:\/\/www.minuaplast.com\/tr\/wp-json\/wp\/v2\/product_tag?post=41"}],"curies":[{"name":"wp","href":"https:\/\/api.w.org\/{rel}","templated":true}]}}