{"id":318,"date":"2024-11-14T22:09:53","date_gmt":"2024-11-14T19:09:53","guid":{"rendered":"https:\/\/www.minuaplast.com\/?page_id=318"},"modified":"2024-11-15T17:23:27","modified_gmt":"2024-11-15T14:23:27","slug":"vizyon-misyon","status":"publish","type":"page","link":"https:\/\/www.minuaplast.com\/tr\/vizyon-misyon\/","title":{"rendered":"Vizyon &amp; Misyon"},"content":{"rendered":"\n\t\t<div id=\"fws_69e0d449c9056\"  data-column-margin=\"default\" data-midnight=\"light\" data-top-percent=\"13%\" data-bottom-percent=\"19%\"  class=\"wpb_row vc_row-fluid vc_row full-width-section parallax_section\"  style=\"padding-top: calc(100vw * 0.13); padding-bottom: calc(100vw * 0.19); \"><div class=\"row-bg-wrap\" data-bg-animation=\"none\" data-bg-animation-delay=\"\" data-bg-overlay=\"true\"><div class=\"inner-wrap row-bg-layer using-image\" ><div class=\"row-bg viewport-desktop using-image\" data-parallax-speed=\"fast\" style=\"background-image: url(https:\/\/i0.wp.com\/www.minuaplast.com\/wp-content\/uploads\/2024\/11\/pexels-pixabay-355952.jpg?fit=1280%2C890&#038;ssl=1); background-position: left top; background-repeat: no-repeat; \"><\/div><\/div><div class=\"row-bg-overlay row-bg-layer\" style=\"background: rgba(21,118,187,0.94); background: linear-gradient(135deg,rgba(21,118,187,0.94) 0%,rgba(121,203,241,0.71) 100%);  opacity: 0.8; \"><\/div><\/div><div class=\"nectar-shape-divider-wrap no-color \" style=\" height:350px;\"  data-height=\"350\" data-front=\"\" data-style=\"waves_opacity_alt\" data-position=\"bottom\" ><svg class=\"nectar-shape-divider\" aria-hidden=\"true\" fill=\"\" xmlns=\"http:\/\/www.w3.org\/2000\/svg\" viewBox=\"0 0 1000 300\" preserveAspectRatio=\"none\">\n          <path d=\"M 1000 299 l 2 -279 c -155 -36 -310 135 -415 164 c -102.64 28.35 -149 -32 -232 -31 c -80 1 -142 53 -229 80 c -65.54 20.34 -101 15 -126 11.61 v 54.39 z\"><\/path> <path d=\"M 1000 286 l 2 -252 c -157 -43 -302 144 -405 178 c -101.11 33.38 -159 -47 -242 -46 c -80 1 -145.09 54.07 -229 87 c -65.21 25.59 -104.07 16.72 -126 10.61 v 22.39 z\"><\/path> <path d=\"M 1000 300 l 1 -230.29 c -217 -12.71 -300.47 129.15 -404 156.29 c -103 27 -174 -30 -257 -29 c -80 1 -130.09 37.07 -214 70 c -61.23 24 -108 15.61 -126 10.61 v 22.39 z\"><\/path>\n           <\/svg><\/div><div class=\"row_col_wrap_12 col span_12 light left\">\n\t<div  class=\"vc_col-sm-6 wpb_column column_container vc_column_container col no-extra-padding inherit_tablet inherit_phone \"  data-padding-pos=\"all\" data-has-bg-color=\"false\" data-bg-color=\"\" data-bg-opacity=\"1\" data-animation=\"\" data-delay=\"0\" >\n\t\t<div class=\"vc_column-inner\" >\n\t\t\t<div class=\"wpb_wrapper\">\n\t\t\t\t<div class=\"nectar-split-heading \" data-align=\"default\" data-m-align=\"inherit\" data-text-effect=\"default\" data-animation-type=\"default\" data-animation-delay=\"0\" data-animation-offset=\"\" data-m-rm-animation=\"\" data-stagger=\"\" data-custom-font-size=\"false\" ><div class=\"heading-line\" > <div><h1>Vizyonumuz &amp; Misyonumuz<\/h1> <\/div> <\/div><\/div><div id=\"fws_69e0d449c93a7\" data-midnight=\"\" data-column-margin=\"default\" class=\"wpb_row vc_row-fluid vc_row inner_row\"  style=\"\"><div class=\"row-bg-wrap\"> <div class=\"row-bg\" ><\/div> <\/div><div class=\"row_col_wrap_12_inner col span_12  left\">\n\t<div  class=\"vc_col-sm-9 wpb_column column_container vc_column_container col child_column has-animation no-extra-padding inherit_tablet inherit_phone \"   data-padding-pos=\"all\" data-has-bg-color=\"false\" data-bg-color=\"\" data-bg-opacity=\"1\" data-animation=\"fade-in-from-bottom\" data-delay=\"200\" >\n\t\t<div class=\"vc_column-inner\" >\n\t\t<div class=\"wpb_wrapper\">\n\t\t\t<h4 style=\"font-size: 16px;color: rgba(255,255,255,0.7);line-height: 36px;text-align: left;font-family:Roboto;font-weight:500;font-style:normal\" class=\"vc_custom_heading vc_do_custom_heading\" >Minuaplast, s\u00fcrd\u00fcr\u00fclebilir ve verimli sulama sistemleri ile tar\u0131ma katk\u0131 sa\u011flamay\u0131 hedefliyor. Kalite, yenilik ve m\u00fc\u015fteri memnuniyeti odakl\u0131 yakla\u015f\u0131m\u0131m\u0131zla gelece\u011fe y\u00f6n veriyoruz.<\/h4>\n\t\t<\/div> \n\t<\/div>\n\t<\/div> \n\n\t<div  class=\"vc_col-sm-3 wpb_column column_container vc_column_container col child_column has-animation no-extra-padding inherit_tablet inherit_phone \"   data-padding-pos=\"all\" data-has-bg-color=\"false\" data-bg-color=\"\" data-bg-opacity=\"1\" data-animation=\"fade-in-from-bottom\" data-delay=\"300\" >\n\t\t<div class=\"vc_column-inner\" >\n\t\t<div class=\"wpb_wrapper\">\n\t\t\t\n\t\t<\/div> \n\t<\/div>\n\t<\/div> \n<\/div><\/div><div id=\"fws_69e0d449c973f\" data-midnight=\"\" data-column-margin=\"default\" class=\"wpb_row vc_row-fluid vc_row inner_row\"  style=\"\"><div class=\"row-bg-wrap\"> <div class=\"row-bg\" ><\/div> <\/div><div class=\"row_col_wrap_12_inner col span_12  left\">\n\t<div  class=\"vc_col-sm-12 wpb_column column_container vc_column_container col child_column has-animation no-extra-padding inherit_tablet inherit_phone \"   data-padding-pos=\"all\" data-has-bg-color=\"false\" data-bg-color=\"\" data-bg-opacity=\"1\" data-animation=\"fade-in-from-bottom\" data-delay=\"400\" >\n\t\t<div class=\"vc_column-inner\" >\n\t\t<div class=\"wpb_wrapper\">\n\t\t\t<div class=\"nectar-next-section-wrap bounce alignment_tablet_default alignment_phone_default display_tablet_inherit display_phone_inherit \"  data-animation=\"default\" data-shad=\"none\" data-align=\"left\" data-custom-color=\"false\"><a href=\"#\"  class=\"nectar-next-section skip-hash\"><span class=\"screen-reader-text\">Navigate to the next section<\/span> <i class=\"fa fa-angle-down\"><\/i> <\/a><\/div>\n\t\t<\/div> \n\t<\/div>\n\t<\/div> \n<\/div><\/div>\n\t\t\t<\/div> \n\t\t<\/div>\n\t<\/div> \n\n\t<div  class=\"vc_col-sm-6 wpb_column column_container vc_column_container col no-extra-padding inherit_tablet inherit_phone \"  data-padding-pos=\"all\" data-has-bg-color=\"false\" data-bg-color=\"\" data-bg-opacity=\"1\" data-animation=\"\" data-delay=\"0\" >\n\t\t<div class=\"vc_column-inner\" >\n\t\t\t<div class=\"wpb_wrapper\">\n\t\t\t\t\n\t\t\t<\/div> \n\t\t<\/div>\n\t<\/div> \n<\/div><\/div>\n\t\t<div id=\"fws_69e0d449c9a0a\"  data-column-margin=\"default\" data-midnight=\"dark\" data-top-percent=\"10%\" data-bottom-percent=\"10%\"  class=\"wpb_row vc_row-fluid vc_row full-width-section\"  style=\"padding-top: calc(100vw * 0.10); padding-bottom: calc(100vw * 0.10); \"><div class=\"row-bg-wrap\" data-bg-animation=\"none\" data-bg-animation-delay=\"\" data-bg-overlay=\"false\"><div class=\"inner-wrap row-bg-layer\" ><div class=\"row-bg viewport-desktop using-bg-color\"  style=\"background-color: #ffffff; \"><\/div><\/div><\/div><div class=\"row_col_wrap_12 col span_12 dark left\">\n\t<div  class=\"vc_col-sm-6 wpb_column column_container vc_column_container col no-extra-padding inherit_tablet inherit_phone \"  data-padding-pos=\"all\" data-has-bg-color=\"false\" data-bg-color=\"\" data-bg-opacity=\"1\" data-animation=\"\" data-delay=\"0\" >\n\t\t<div class=\"vc_column-inner\" >\n\t\t\t<div class=\"wpb_wrapper\">\n\t\t\t\t<div id=\"fws_69e0d449c9b59\" data-midnight=\"\" data-column-margin=\"default\" class=\"wpb_row vc_row-fluid vc_row inner_row\"  style=\"\"><div class=\"row-bg-wrap\"> <div class=\"row-bg\" ><\/div> <\/div><div class=\"row_col_wrap_12_inner col span_12  left\">\n\t<div  class=\"vc_col-sm-12 wpb_column column_container vc_column_container col child_column has-animation no-extra-padding inherit_tablet inherit_phone \"   data-padding-pos=\"all\" data-has-bg-color=\"false\" data-bg-color=\"\" data-bg-opacity=\"1\" data-animation=\"fade-in-from-bottom\" data-delay=\"0\" >\n\t\t<div class=\"vc_column-inner\" >\n\t\t<div class=\"wpb_wrapper\">\n\t\t\t\n<div class=\"wpb_text_column wpb_content_element  vc_custom_1731611607311\" >\n\t<div class=\"wpb_wrapper\">\n\t\t<h3>Vizyonumuz:<\/h3>\n\t<\/div>\n<\/div>\n\n\n\n<div class=\"nectar-highlighted-text font_size_18px font_size_tablet_16px font_size_phone_16px font_line_height_2px \" data-style=\"regular_underline\" data-exp=\"default\" data-underline-thickness=\"default\" data-using-custom-color=\"true\" data-animation-delay=\"200\" data-color=\"#00cae8\" data-color-gradient=\"\" style=\"\"><p>Kaliteden \u00f6d\u00fcn vermeden, s\u00fcrd\u00fcr\u00fclebilir b\u00fcy\u00fcme hedefiyle yerel ve k\u00fcresel pazarlarda sulama sistemleri sekt\u00f6r\u00fcnde lider konumuna gelmeyi ama\u00e7l\u0131yoruz. Yenilik\u00e7i \u00e7\u00f6z\u00fcmlerimiz ve g\u00fcvenilir hizmet anlay\u0131\u015f\u0131m\u0131zla, i\u00e7 ve d\u0131\u015f pazarlarda m\u00fc\u015fterilerimizin ilk tercihi olmay\u0131 hedefliyoruz. Tar\u0131m sekt\u00f6r\u00fcne de\u011fer katarken, global standartlara ula\u015fan bir marka olarak, sulama sistemlerinde g\u00fcven ve m\u00fckemmeliyetin simgesi olaca\u011f\u0131z.<\/p>\n<\/div>\n\t\t<\/div> \n\t<\/div>\n\t<\/div> \n<\/div><\/div>\n\t\t\t<\/div> \n\t\t<\/div>\n\t<\/div> \n\n\t<div  class=\"vc_col-sm-6 wpb_column column_container vc_column_container col has-animation no-extra-padding inherit_tablet inherit_phone \"  data-padding-pos=\"all\" data-has-bg-color=\"false\" data-bg-color=\"\" data-bg-opacity=\"1\" data-animation=\"fade-in-from-bottom\" data-delay=\"0\" >\n\t\t<div class=\"vc_column-inner\" >\n\t\t\t<div class=\"wpb_wrapper\">\n\t\t\t\t\n<div class=\"wpb_text_column wpb_content_element  vc_custom_1731611669773\" >\n\t<div class=\"wpb_wrapper\">\n\t\t<h3>Misyonumuz:<\/h3>\n\t<\/div>\n<\/div>\n\n\n\n<div class=\"nectar-highlighted-text font_size_18px font_size_tablet_16px font_size_phone_16px font_line_height_2px \" data-style=\"regular_underline\" data-exp=\"default\" data-underline-thickness=\"default\" data-using-custom-color=\"true\" data-animation-delay=\"200\" data-color=\"#00cae8\" data-color-gradient=\"\" style=\"\"><p>M\u00fc\u015fterilerimize ve i\u015f ortaklar\u0131m\u0131za, y\u00fcksek kalite ve s\u00fcrd\u00fcr\u00fclebilirlik ilkelerine dayal\u0131 \u00fcr\u00fcnler sunarak, tar\u0131msal sulama \u00e7\u00f6z\u00fcmlerinde uzun vadeli fayda sa\u011flamay\u0131 ama\u00e7l\u0131yoruz. S\u00fcreklilik ve g\u00fcven ilkesine ba\u011fl\u0131 olarak, her bir \u00fcr\u00fcn\u00fcm\u00fcz\u00fcn verimlilik ve tasarruf sa\u011flamas\u0131na odaklan\u0131yoruz. Her a\u015famada m\u00fckemmeliyetin pe\u015finden giderek, sulama sekt\u00f6r\u00fcndeki t\u00fcm payda\u015flar\u0131m\u0131za de\u011fer katmay\u0131 taahh\u00fct ediyoruz.<\/p>\n<\/div>\n\t\t\t<\/div> \n\t\t<\/div>\n\t<\/div> \n<\/div><\/div>\n\t\t<div id=\"fws_69e0d449ca049\"  data-column-margin=\"default\" data-midnight=\"light\"  class=\"wpb_row vc_row-fluid vc_row full-width-section vc_row-o-equal-height vc_row-flex vc_row-o-content-middle\"  style=\"padding-top: 80px; padding-bottom: 80px; \"><div class=\"row-bg-wrap\" data-bg-animation=\"none\" data-bg-animation-delay=\"\" data-bg-overlay=\"true\"><div class=\"inner-wrap row-bg-layer using-image\" ><div class=\"row-bg viewport-desktop using-image using-bg-color\"  style=\"background-image: url(https:\/\/i0.wp.com\/www.minuaplast.com\/wp-content\/uploads\/2020\/02\/nahil-naseer-xljtGZ2-P3Y-unsplash.jpg?fit=1800%2C842&#038;ssl=1); background-position: center center; background-repeat: no-repeat; background-color: #ffffff; \"><\/div><\/div><div class=\"row-bg-overlay row-bg-layer\" style=\"background-color:#1576bb;  opacity: 0.8; \"><\/div><\/div><div class=\"row_col_wrap_12 col span_12 light left\">\n\t<div  class=\"vc_col-sm-5 wpb_column column_container vc_column_container col no-extra-padding force-tablet-text-align-center force-phone-text-align-center inherit_tablet inherit_phone \"  data-padding-pos=\"all\" data-has-bg-color=\"false\" data-bg-color=\"\" data-bg-opacity=\"1\" data-animation=\"\" data-delay=\"0\" >\n\t\t<div class=\"vc_column-inner\" >\n\t\t\t<div class=\"wpb_wrapper\">\n\t\t\t\t<div class=\"nectar-highlighted-text\" data-style=\"half_text\" data-exp=\"default\" data-using-custom-color=\"true\" data-animation-delay=\"false\" data-color=\"#ff1053\" data-color-gradient=\"\" style=\"\"><h2>Di\u011fer Kurumsal Bilgilerimize G\u00f6z At\u0131n<\/h2>\n<\/div>\n\t\t\t<\/div> \n\t\t<\/div>\n\t<\/div> \n\n\t<div  class=\"vc_col-sm-1 wpb_column column_container vc_column_container col no-extra-padding force-tablet-text-align-center force-phone-text-align-center inherit_tablet inherit_phone \"  data-padding-pos=\"all\" data-has-bg-color=\"false\" data-bg-color=\"\" data-bg-opacity=\"1\" data-animation=\"\" data-delay=\"0\" >\n\t\t<div class=\"vc_column-inner\" >\n\t\t\t<div class=\"wpb_wrapper\">\n\t\t\t\t\n\t\t\t<\/div> \n\t\t<\/div>\n\t<\/div> \n\n\t<div  class=\"vc_col-sm-6 wpb_column column_container vc_column_container col no-extra-padding force-tablet-text-align-center force-phone-text-align-center inherit_tablet inherit_phone \"  data-padding-pos=\"all\" data-has-bg-color=\"false\" data-bg-color=\"\" data-bg-opacity=\"1\" data-animation=\"\" data-delay=\"0\" >\n\t\t<div class=\"vc_column-inner\" >\n\t\t\t<div class=\"wpb_wrapper\">\n\t\t\t\t<div id=\"fws_69e0d449ca352\" data-midnight=\"\" data-column-margin=\"default\" class=\"wpb_row vc_row-fluid vc_row inner_row\"  style=\"\"><div class=\"row-bg-wrap\"> <div class=\"row-bg\" ><\/div> <\/div><div class=\"row_col_wrap_12_inner col span_12  right\">\n\t<div  class=\"vc_col-sm-12 wpb_column column_container vc_column_container col child_column no-extra-padding inherit_tablet inherit_phone \"   data-padding-pos=\"all\" data-has-bg-color=\"false\" data-bg-color=\"\" data-bg-opacity=\"1\" data-animation=\"\" data-delay=\"0\" >\n\t\t<div class=\"vc_column-inner\" >\n\t\t<div class=\"wpb_wrapper\">\n\t\t\t<a class=\"nectar-button jumbo see-through-2  has-icon\"  role=\"button\" style=\"border-color: #ffffff; color: #ffffff;\"  href=\"https:\/\/www.minuaplast.com\/kurumsal-bilgiler\" data-color-override=\"#ffffff\"  data-hover-color-override=\"#ffffff\" data-hover-text-color-override=\"#000000\"><span>Ke\u015ffet<\/span><i  class=\"icon-button-arrow\"><\/i><\/a>\n\t\t<\/div> \n\t<\/div>\n\t<\/div> \n<\/div><\/div>\n\t\t\t<\/div> \n\t\t<\/div>\n\t<\/div> \n<\/div><\/div>\n","protected":false},"excerpt":{"rendered":"Vizyonumuz &amp; Misyonumuz Minuaplast, s\u00fcrd\u00fcr\u00fclebilir ve verimli sulama sistemleri ile tar\u0131ma katk\u0131 sa\u011flamay\u0131 hedefliyor. Kalite, yenilik ve m\u00fc\u015fteri memnuniyeti odakl\u0131 yakla\u015f\u0131m\u0131m\u0131zla gelece\u011fe y\u00f6n veriyoruz. Navigate to the next section Vizyonumuz:...","protected":false},"author":1,"featured_media":0,"parent":0,"menu_order":0,"comment_status":"closed","ping_status":"closed","template":"","meta":{"footnotes":""},"class_list":["post-318","page","type-page","status-publish"],"jetpack_sharing_enabled":true,"_links":{"self":[{"href":"https:\/\/www.minuaplast.com\/tr\/wp-json\/wp\/v2\/pages\/318","targetHints":{"allow":["GET"]}}],"collection":[{"href":"https:\/\/www.minuaplast.com\/tr\/wp-json\/wp\/v2\/pages"}],"about":[{"href":"https:\/\/www.minuaplast.com\/tr\/wp-json\/wp\/v2\/types\/page"}],"author":[{"embeddable":true,"href":"https:\/\/www.minuaplast.com\/tr\/wp-json\/wp\/v2\/users\/1"}],"replies":[{"embeddable":true,"href":"https:\/\/www.minuaplast.com\/tr\/wp-json\/wp\/v2\/comments?post=318"}],"version-history":[{"count":4,"href":"https:\/\/www.minuaplast.com\/tr\/wp-json\/wp\/v2\/pages\/318\/revisions"}],"predecessor-version":[{"id":373,"href":"https:\/\/www.minuaplast.com\/tr\/wp-json\/wp\/v2\/pages\/318\/revisions\/373"}],"wp:attachment":[{"href":"https:\/\/www.minuaplast.com\/tr\/wp-json\/wp\/v2\/media?parent=318"}],"curies":[{"name":"wp","href":"https:\/\/api.w.org\/{rel}","templated":true}]}}