{"id":593,"date":"2024-12-22T20:15:19","date_gmt":"2024-12-22T17:15:19","guid":{"rendered":"https:\/\/www.minuaplast.com\/?post_type=product&#038;p=593"},"modified":"2025-02-10T19:17:58","modified_gmt":"2025-02-10T16:17:58","slug":"pe-100-hdpe-altyapi-borulari","status":"publish","type":"product","link":"https:\/\/www.minuaplast.com\/ru\/\u043d\u0430\u0448\u0438-\u043f\u0440\u043e\u0434\u0443\u043a\u0442\u044b\/\u0438\u043d\u0444\u0440\u0430\u0441\u0442\u0440\u0443\u043a\u0442\u0443\u0440\u043d\u044b\u0435-\u0442\u0440\u0443\u0431\u044b-pe-100-hdpe\/","title":{"rendered":"\u0418\u043d\u0444\u0440\u0430\u0441\u0442\u0440\u0443\u043a\u0442\u0443\u0440\u043d\u044b\u0435 \u0442\u0440\u0443\u0431\u044b \u0438\u0437 \u041f\u042d-100 (\u041f\u041d\u0414)"},"content":{"rendered":"<p>\u0421\u0440\u0435\u0434\u0438 \u043d\u0430\u0438\u0431\u043e\u043b\u0435\u0435 \u0447\u0430\u0441\u0442\u043e \u0438\u0441\u043f\u043e\u043b\u044c\u0437\u0443\u0435\u043c\u044b\u0445 \u0432 \u0438\u043d\u0444\u0440\u0430\u0441\u0442\u0440\u0443\u043a\u0442\u0443\u0440\u043d\u044b\u0445 \u0441\u0438\u0441\u0442\u0435\u043c\u0430\u0445 \u0432\u0430\u0440\u0438\u0430\u043d\u0442\u043e\u0432 \u0442\u0440\u0443\u0431 - \u043f\u043e\u043b\u0438\u044d\u0442\u0438\u043b\u0435\u043d \u0432\u044b\u0441\u043e\u043a\u043e\u0439 \u043f\u043b\u043e\u0442\u043d\u043e\u0441\u0442\u0438 (\u041f\u042d\u0412\u041f). <strong>\u0422\u0440\u0443\u0431\u044b \u041f\u042d-100<\/strong> \u0432\u044b\u0434\u0435\u043b\u044f\u0435\u0442\u0441\u044f. \u0413\u043b\u0430\u0434\u043a\u0430\u044f \u0432\u043d\u0443\u0442\u0440\u0435\u043d\u043d\u044f\u044f \u0441\u0442\u0440\u0443\u043a\u0442\u0443\u0440\u0430 \u044d\u0442\u0438\u0445 \u0442\u0440\u0443\u0431 \u043e\u0431\u043b\u0435\u0433\u0447\u0430\u0435\u0442 \u043f\u0440\u043e\u0445\u043e\u0436\u0434\u0435\u043d\u0438\u0435 \u0436\u0438\u0434\u043a\u043e\u0441\u0442\u0438, \u0430 \u0442\u0432\u0435\u0440\u0434\u0430\u044f \u0438 \u043f\u0440\u043e\u0447\u043d\u0430\u044f \u0432\u043d\u0435\u0448\u043d\u044f\u044f \u043f\u043e\u0432\u0435\u0440\u0445\u043d\u043e\u0441\u0442\u044c \u043e\u0431\u0435\u0441\u043f\u0435\u0447\u0438\u0432\u0430\u0435\u0442 \u043f\u0440\u0435\u0432\u043e\u0441\u0445\u043e\u0434\u043d\u0443\u044e \u0437\u0430\u0449\u0438\u0442\u0443 \u043e\u0442 \u0432\u043d\u0435\u0448\u043d\u0438\u0445 \u0432\u043e\u0437\u0434\u0435\u0439\u0441\u0442\u0432\u0438\u0439 \u0438 \u0443\u0441\u043b\u043e\u0432\u0438\u0439 \u043e\u043a\u0440\u0443\u0436\u0430\u044e\u0449\u0435\u0439 \u0441\u0440\u0435\u0434\u044b. \u0422\u0430\u043a\u0436\u0435, <strong>\u0443\u0441\u0442\u043e\u0439\u0447\u0438\u0432\u043e\u0441\u0442\u044c \u043a \u043a\u043e\u0440\u0440\u043e\u0437\u0438\u0438<\/strong> \u0411\u043b\u0430\u0433\u043e\u0434\u0430\u0440\u044f \u0441\u0432\u043e\u0435\u0439 \u0441\u0442\u0440\u0443\u043a\u0442\u0443\u0440\u0435, \u043e\u043d\u0430 \u0441\u0432\u043e\u0434\u0438\u0442 \u043a \u043c\u0438\u043d\u0438\u043c\u0443\u043c\u0443 \u043d\u0435\u043e\u0431\u0445\u043e\u0434\u0438\u043c\u043e\u0441\u0442\u044c \u0432 \u043e\u0431\u0441\u043b\u0443\u0436\u0438\u0432\u0430\u043d\u0438\u0438 \u0438 \u0440\u0435\u043c\u043e\u043d\u0442\u0435, \u043e\u0431\u0435\u0441\u043f\u0435\u0447\u0438\u0432\u0430\u044f \u0434\u043b\u0438\u0442\u0435\u043b\u044c\u043d\u044b\u0439 \u0441\u0440\u043e\u043a \u0441\u043b\u0443\u0436\u0431\u044b.<\/p>\n<p>\u041e\u0434\u043d\u0430 \u0438\u0437 \u0432\u0430\u0436\u043d\u0435\u0439\u0448\u0438\u0445 \u043e\u0441\u043e\u0431\u0435\u043d\u043d\u043e\u0441\u0442\u0435\u0439 \u0442\u0440\u0443\u0431 \u0438\u0437 \u041f\u041d\u0414, <strong>\u0443\u0441\u0442\u043e\u0439\u0447\u0438\u0432\u043e\u0441\u0442\u044c \u043a \u043e\u0431\u0440\u0430\u0437\u043e\u0432\u0430\u043d\u0438\u044e \u043e\u0442\u043b\u043e\u0436\u0435\u043d\u0438\u0439<\/strong> \u044d\u0442\u043e \u0442\u043e, \u0447\u0442\u043e \u043e\u043d \u043f\u043e\u043a\u0430\u0437\u044b\u0432\u0430\u0435\u0442. \u0412 \u0447\u0430\u0441\u0442\u043d\u043e\u0441\u0442\u0438 <strong>\u0441\u043e\u043b\u0451\u043d\u0430\u044f \u0432\u043e\u0434\u0430<\/strong> \u0438 <strong>\u0432 \u043a\u0430\u043d\u0430\u043b\u0438\u0437\u0430\u0446\u0438\u043e\u043d\u043d\u044b\u0445 \u043e\u0442\u0445\u043e\u0434\u0430\u0445<\/strong> \u041e\u043d\u0430 \u043e\u0431\u0435\u0441\u043f\u0435\u0447\u0438\u0432\u0430\u0435\u0442 \u043d\u0430\u0434\u0435\u0436\u043d\u043e\u0435 \u0438\u0441\u043f\u043e\u043b\u044c\u0437\u043e\u0432\u0430\u043d\u0438\u0435 \u0432 \u0438\u043d\u0444\u0440\u0430\u0441\u0442\u0440\u0443\u043a\u0442\u0443\u0440\u043d\u044b\u0445 \u0441\u0438\u0441\u0442\u0435\u043c\u0430\u0445, \u043d\u0435 \u043f\u043e\u0434\u0432\u0435\u0440\u0433\u0430\u044f\u0441\u044c \u0432\u043e\u0437\u0434\u0435\u0439\u0441\u0442\u0432\u0438\u044e \u0445\u0438\u043c\u0438\u0447\u0435\u0441\u043a\u0438\u0445 \u0432\u0435\u0449\u0435\u0441\u0442\u0432, \u043a\u043e\u0442\u043e\u0440\u044b\u0435 \u043c\u043e\u0433\u0443\u0442 \u0432 \u043d\u0438\u0445 \u043f\u0440\u0438\u0441\u0443\u0442\u0441\u0442\u0432\u043e\u0432\u0430\u0442\u044c. \u0422\u0430\u043a\u0430\u044f \u0434\u043e\u043b\u0433\u043e\u0432\u0435\u0447\u043d\u043e\u0441\u0442\u044c \u0434\u0435\u043b\u0430\u0435\u0442 \u044d\u0442\u0438 \u0442\u0440\u0443\u0431\u044b <strong>\u0434\u043e\u0431\u044b\u0447\u0430 \u043f\u043e\u043b\u0435\u0437\u043d\u044b\u0445 \u0438\u0441\u043a\u043e\u043f\u0430\u0435\u043c\u044b\u0445, \u0434\u0440\u0435\u043d\u0430\u0436, \u0433\u0430\u0437\u043e\u043f\u0440\u043e\u0432\u043e\u0434\u044b, \u0442\u0435\u043b\u0435\u043a\u043e\u043c\u043c\u0443\u043d\u0438\u043a\u0430\u0446\u0438\u043e\u043d\u043d\u044b\u0435 \u043a\u0430\u0431\u0435\u043b\u0438<\/strong> \u042d\u0442\u043e \u0434\u0435\u043b\u0430\u0435\u0442 \u0438\u0445 \u0443\u043d\u0438\u0432\u0435\u0440\u0441\u0430\u043b\u044c\u043d\u044b\u043c\u0438 \u043f\u0440\u043e\u0434\u0443\u043a\u0442\u0430\u043c\u0438, \u043a\u043e\u0442\u043e\u0440\u044b\u0435 \u0442\u0430\u043a\u0436\u0435 \u043f\u0440\u0435\u0434\u043f\u043e\u0447\u0438\u0442\u0430\u044e\u0442 \u0438\u0441\u043f\u043e\u043b\u044c\u0437\u043e\u0432\u0430\u0442\u044c \u0432 \u0440\u0430\u0437\u043b\u0438\u0447\u043d\u044b\u0445 \u043e\u0442\u0440\u0430\u0441\u043b\u044f\u0445. \u0421\u043d\u043e\u0432\u0430 <strong>\u0432\u043e\u0434\u043d\u044b\u0435 \u0441\u0435\u0442\u0438<\/strong>, <strong>\u0445\u0440\u0430\u043d\u0435\u043d\u0438\u0435 \u0442\u0432\u0435\u0440\u0434\u044b\u0445 \u043e\u0442\u0445\u043e\u0434\u043e\u0432<\/strong> \u0438 <strong>\u043f\u0435\u0440\u0435\u043a\u0430\u0447\u043a\u0430 \u0432\u043e\u0434\u044b<\/strong> \u041e\u043d \u043e\u0442\u043b\u0438\u0447\u0430\u0435\u0442\u0441\u044f \u0441\u0432\u043e\u0438\u043c\u0438 \u043a\u0430\u0447\u0435\u0441\u0442\u0432\u0430\u043c\u0438, \u043a\u043e\u0442\u043e\u0440\u044b\u0435 \u043d\u0435 \u0443\u0433\u0440\u043e\u0436\u0430\u044e\u0442 \u0437\u0434\u043e\u0440\u043e\u0432\u044c\u044e \u0447\u0435\u043b\u043e\u0432\u0435\u043a\u0430.<\/p>\n<ul>\n<li><strong>\u041f\u043e\u043b\u0438\u044d\u0442\u0438\u043b\u0435\u043d (HDPE) \u043d\u0435 \u0440\u0436\u0430\u0432\u0435\u0435\u0442, \u043d\u0435 \u043f\u043e\u0434\u0432\u0435\u0440\u0436\u0435\u043d \u0432\u043e\u0437\u0434\u0435\u0439\u0441\u0442\u0432\u0438\u044e \u0445\u0438\u043c\u0438\u043a\u0430\u0442\u043e\u0432 \u0438 \u043e\u0431\u043b\u0430\u0434\u0430\u0435\u0442 \u0432\u044b\u0441\u043e\u043a\u043e\u0439 \u0441\u0442\u043e\u0439\u043a\u043e\u0441\u0442\u044c\u044e \u043a \u0438\u0441\u0442\u0438\u0440\u0430\u043d\u0438\u044e<\/strong>\u042d\u0442\u043e \u0434\u0435\u043b\u0430\u0435\u0442 \u0441\u0440\u043e\u043a \u0441\u043b\u0443\u0436\u0431\u044b \u0442\u0430\u043a\u0438\u0445 \u0442\u0440\u0443\u0431 \u0432\u044b\u0433\u043e\u0434\u043d\u044b\u043c \u043f\u043e \u0441\u0440\u0430\u0432\u043d\u0435\u043d\u0438\u044e \u0441\u043e \u043c\u043d\u043e\u0433\u0438\u043c\u0438 \u0434\u0440\u0443\u0433\u0438\u043c\u0438 \u0430\u043b\u044c\u0442\u0435\u0440\u043d\u0430\u0442\u0438\u0432\u0430\u043c\u0438. \u041c\u0438\u043d\u0438\u043c\u0443\u043c <strong>50 \u043b\u0435\u0442<\/strong> \u0422\u043e\u0442 \u0444\u0430\u043a\u0442, \u0447\u0442\u043e \u043e\u043d \u0434\u0430\u0435\u0442 \u0432\u043e\u0437\u043c\u043e\u0436\u043d\u043e\u0441\u0442\u044c \u0438\u0441\u043f\u043e\u043b\u044c\u0437\u043e\u0432\u0430\u0442\u044c \u0435\u0433\u043e \u0432 \u0442\u0435\u0447\u0435\u043d\u0438\u0435 \u0434\u043b\u0438\u0442\u0435\u043b\u044c\u043d\u043e\u0433\u043e \u043f\u0435\u0440\u0438\u043e\u0434\u0430 \u0432\u0440\u0435\u043c\u0435\u043d\u0438, \u044f\u0432\u043b\u044f\u0435\u0442\u0441\u044f \u0432\u0430\u0436\u043d\u0435\u0439\u0448\u0438\u043c \u0444\u0430\u043a\u0442\u043e\u0440\u043e\u043c, \u043f\u043e\u0432\u044b\u0448\u0430\u044e\u0449\u0438\u043c \u0443\u0441\u0442\u043e\u0439\u0447\u0438\u0432\u043e\u0441\u0442\u044c \u043f\u0440\u043e\u0435\u043a\u0442\u043e\u0432.<\/li>\n<li>\u0411\u043b\u0430\u0433\u043e\u0434\u0430\u0440\u044f \u0432\u044b\u0441\u043e\u043a\u043e\u0439 \u0441\u0432\u0430\u0440\u0438\u0432\u0430\u0435\u043c\u043e\u0441\u0442\u0438 \u0438\u0437\u0434\u0435\u043b\u0438\u0439 \u0438\u0437 \u041f\u042d\u0412\u041f, \u0440\u0430\u0437\u043b\u0438\u0447\u043d\u044b\u0435 <strong>\u043c\u0435\u0442\u043e\u0434\u044b \u0441\u043e\u0435\u0434\u0438\u043d\u0435\u043d\u0438\u044f<\/strong> \u043c\u043e\u0436\u043d\u043e \u0441\u043e\u0437\u0434\u0430\u0432\u0430\u0442\u044c \u0433\u0438\u0431\u043a\u0438\u0435 \u0440\u0435\u0448\u0435\u043d\u0438\u044f, \u043f\u043e\u0434\u0445\u043e\u0434\u044f\u0449\u0438\u0435 \u0434\u043b\u044f \u043a\u043e\u043d\u043a\u0440\u0435\u0442\u043d\u043e\u0433\u043e \u043f\u0440\u043e\u0435\u043a\u0442\u0430. <strong>\u0421\u0432\u0430\u0440\u043a\u0430 \u043d\u0430 \u043b\u0431\u0443<\/strong>, <strong>\u044d\u043b\u0435\u043a\u0442\u0440\u043e\u043c\u0443\u0444\u0442\u043e\u0432\u0430\u044f \u0441\u0432\u0430\u0440\u043a\u0430<\/strong>, <strong>\u043d\u0430\u0436\u0438\u043c\u043d\u0430\u044f \u0440\u043e\u0437\u0435\u0442\u043a\u0430<\/strong> \u0438 <strong>\u044d\u043a\u0441\u0442\u0440\u0443\u0437\u0438\u043e\u043d\u043d\u0430\u044f \u0441\u0432\u0430\u0440\u043a\u0430<\/strong> \u041c\u0435\u0442\u043e\u0434\u044b \u043f\u0440\u0435\u0434\u043b\u0430\u0433\u0430\u044e\u0442 \u043f\u0440\u0430\u043a\u0442\u0438\u0447\u0435\u0441\u043a\u0438\u0435 \u0432\u0430\u0440\u0438\u0430\u043d\u0442\u044b \u043f\u0440\u0438\u043c\u0435\u043d\u0435\u043d\u0438\u044f, \u043e\u0442\u0432\u0435\u0447\u0430\u044e\u0449\u0438\u0435 \u0440\u0430\u0437\u043b\u0438\u0447\u043d\u044b\u043c \u043f\u043e\u0442\u0440\u0435\u0431\u043d\u043e\u0441\u0442\u044f\u043c \u043a\u0430\u0436\u0434\u043e\u0433\u043e \u043f\u0440\u043e\u0435\u043a\u0442\u0430.<\/li>\n<li><strong>\u0422\u0440\u0443\u0431\u044b \u0438\u0437 \u041f\u042d-100 (\u041f\u041d\u0414)<\/strong>\u043c\u043e\u0433\u0443\u0442 \u0431\u044b\u0442\u044c \u0438\u0437\u0433\u043e\u0442\u043e\u0432\u043b\u0435\u043d\u044b \u0432 \u0440\u0430\u0437\u043b\u0438\u0447\u043d\u044b\u0445 \u043a\u043b\u0430\u0441\u0441\u0430\u0445 \u0434\u0430\u0432\u043b\u0435\u043d\u0438\u044f \u0432 \u0441\u043e\u043e\u0442\u0432\u0435\u0442\u0441\u0442\u0432\u0438\u0438 \u0441 \u043f\u0440\u043e\u0435\u043a\u0442\u043e\u043c. \u042d\u0442\u043e \u043e\u0431\u0435\u0441\u043f\u0435\u0447\u0438\u0432\u0430\u0435\u0442 \u044d\u043a\u043e\u043d\u043e\u043c\u0438\u044e \u0441\u044b\u0440\u044c\u044f \u0438 \u0441\u043f\u043e\u0441\u043e\u0431\u0441\u0442\u0432\u0443\u0435\u0442 \u0434\u043e\u0441\u0442\u0438\u0436\u0435\u043d\u0438\u044e \u0446\u0435\u043b\u0435\u0432\u044b\u0445 \u043f\u043e\u043a\u0430\u0437\u0430\u0442\u0435\u043b\u0435\u0439 \u0441\u0442\u043e\u0438\u043c\u043e\u0441\u0442\u0438 \u0438 \u043f\u0440\u043e\u0438\u0437\u0432\u043e\u0434\u0438\u0442\u0435\u043b\u044c\u043d\u043e\u0441\u0442\u0438 \u043f\u0440\u043e\u0435\u043a\u0442\u0430.<\/li>\n<\/ul>\n<p>\u042d\u0442\u0438 \u0443\u043d\u0438\u0432\u0435\u0440\u0441\u0430\u043b\u044c\u043d\u044b\u0435 \u0438 \u0434\u043e\u043b\u0433\u043e\u0432\u0435\u0447\u043d\u044b\u0435 \u0441\u0432\u043e\u0439\u0441\u0442\u0432\u0430, <strong>\u0438\u043d\u0444\u0440\u0430\u0441\u0442\u0440\u0443\u043a\u0442\u0443\u0440\u0430<\/strong> \u0438 \u043d\u0430\u0433\u043b\u044f\u0434\u043d\u043e \u0440\u0430\u0441\u043a\u0440\u044b\u0432\u0430\u0435\u0442 \u043f\u0440\u0438\u0447\u0438\u043d\u044b, \u043f\u043e \u043a\u043e\u0442\u043e\u0440\u044b\u043c \u0442\u0440\u0443\u0431\u044b \u0438\u0437 \u041f\u041d\u0414 \u043f\u0440\u0435\u0434\u043f\u043e\u0447\u0438\u0442\u0430\u044e\u0442 \u0438\u0441\u043f\u043e\u043b\u044c\u0437\u043e\u0432\u0430\u0442\u044c \u0432 \u043f\u0440\u043e\u043c\u044b\u0448\u043b\u0435\u043d\u043d\u043e\u0441\u0442\u0438. \u042d\u0442\u0438 \u0442\u0440\u0443\u0431\u044b, \u0441\u043d\u0438\u0436\u0430\u044e\u0449\u0438\u0435 \u0442\u0440\u0443\u0434\u043e\u0437\u0430\u0442\u0440\u0430\u0442\u044b \u0431\u043b\u0430\u0433\u043e\u0434\u0430\u0440\u044f \u043f\u0440\u043e\u0441\u0442\u043e\u0442\u0435 \u0442\u0440\u0430\u043d\u0441\u043f\u043e\u0440\u0442\u0438\u0440\u043e\u0432\u043a\u0438 \u0438 \u043c\u043e\u043d\u0442\u0430\u0436\u0430, \u0442\u0430\u043a\u0436\u0435 \u043e\u0442\u043b\u0438\u0447\u0430\u044e\u0442\u0441\u044f \u0431\u0435\u0437\u043e\u043f\u0430\u0441\u043d\u043e\u0439 \u0434\u043b\u044f \u043e\u043a\u0440\u0443\u0436\u0430\u044e\u0449\u0435\u0439 \u0441\u0440\u0435\u0434\u044b \u0438 \u0437\u0434\u043e\u0440\u043e\u0432\u044c\u044f \u0447\u0435\u043b\u043e\u0432\u0435\u043a\u0430 \u0441\u0442\u0440\u0443\u043a\u0442\u0443\u0440\u043e\u0439. \u041f\u0440\u0435\u0432\u043e\u0441\u0445\u043e\u0434\u043d\u0430\u044f \u0443\u0441\u0442\u043e\u0439\u0447\u0438\u0432\u043e\u0441\u0442\u044c \u043a \u0445\u0438\u043c\u0438\u0447\u0435\u0441\u043a\u0438\u043c \u0438 \u043c\u0435\u0445\u0430\u043d\u0438\u0447\u0435\u0441\u043a\u0438\u043c \u0432\u043e\u0437\u0434\u0435\u0439\u0441\u0442\u0432\u0438\u044f\u043c \u043f\u0440\u043e\u0434\u043b\u0435\u0432\u0430\u0435\u0442 \u0441\u0440\u043e\u043a \u0441\u043b\u0443\u0436\u0431\u044b \u0442\u0440\u0443\u0431\u043e\u043f\u0440\u043e\u0432\u043e\u0434\u043e\u0432 \u0438 \u043e\u0431\u0435\u0441\u043f\u0435\u0447\u0438\u0432\u0430\u0435\u0442 \u0438\u0445 \u0434\u043e\u043b\u0433\u043e\u0432\u0440\u0435\u043c\u0435\u043d\u043d\u0443\u044e \u0438 \u0431\u0435\u0437\u043e\u043f\u0430\u0441\u043d\u0443\u044e \u044d\u043a\u0441\u043f\u043b\u0443\u0430\u0442\u0430\u0446\u0438\u044e. <strong>\u0412 \u0440\u0435\u0437\u0443\u043b\u044c\u0442\u0430\u0442\u0435 \u0442\u0440\u0443\u0431\u044b \u0438\u0437 \u041f\u042d-100 (\u041f\u041d\u0414) \u043e\u0442\u043b\u0438\u0447\u0430\u044e\u0442\u0441\u044f \u043f\u0440\u043e\u0447\u043d\u043e\u0441\u0442\u044c\u044e, \u0433\u0438\u0431\u043a\u043e\u0441\u0442\u044c\u044e, \u0432\u044b\u0441\u043e\u043a\u0438\u043c\u0438 \u044d\u043a\u0441\u043f\u043b\u0443\u0430\u0442\u0430\u0446\u0438\u043e\u043d\u043d\u044b\u043c\u0438 \u0445\u0430\u0440\u0430\u043a\u0442\u0435\u0440\u0438\u0441\u0442\u0438\u043a\u0430\u043c\u0438 \u0438 \u0434\u043e\u043b\u0433\u043e\u0432\u0435\u0447\u043d\u043e\u0441\u0442\u044c\u044e.<\/strong> \u041e\u043d \u044f\u0432\u043b\u044f\u0435\u0442\u0441\u044f \u043d\u0435\u0437\u0430\u043c\u0435\u043d\u0438\u043c\u044b\u043c \u0432\u0430\u0440\u0438\u0430\u043d\u0442\u043e\u043c \u0434\u043b\u044f \u0438\u043d\u0444\u0440\u0430\u0441\u0442\u0440\u0443\u043a\u0442\u0443\u0440\u043d\u044b\u0445 \u043f\u0440\u043e\u0435\u043a\u0442\u043e\u0432 \u0431\u043b\u0430\u0433\u043e\u0434\u0430\u0440\u044f \u0442\u0430\u043a\u0438\u043c \u0445\u0430\u0440\u0430\u043a\u0442\u0435\u0440\u0438\u0441\u0442\u0438\u043a\u0430\u043c, \u043a\u0430\u043a.<\/p>\n<p><img data-recalc-dims=\"1\" loading=\"lazy\" decoding=\"async\" class=\"alignnone wp-image-603 size-full\" src=\"https:\/\/i0.wp.com\/www.minuaplast.com\/wp-content\/uploads\/2024\/12\/SDR41-PN4.png?resize=1080%2C432&#038;ssl=1\" alt=\"\" width=\"1080\" height=\"432\" srcset=\"https:\/\/i0.wp.com\/www.minuaplast.com\/wp-content\/uploads\/2024\/12\/SDR41-PN4.png?w=3000&amp;ssl=1 3000w, https:\/\/i0.wp.com\/www.minuaplast.com\/wp-content\/uploads\/2024\/12\/SDR41-PN4.png?resize=300%2C120&amp;ssl=1 300w, https:\/\/i0.wp.com\/www.minuaplast.com\/wp-content\/uploads\/2024\/12\/SDR41-PN4.png?resize=1024%2C410&amp;ssl=1 1024w, https:\/\/i0.wp.com\/www.minuaplast.com\/wp-content\/uploads\/2024\/12\/SDR41-PN4.png?resize=768%2C307&amp;ssl=1 768w, https:\/\/i0.wp.com\/www.minuaplast.com\/wp-content\/uploads\/2024\/12\/SDR41-PN4.png?resize=1536%2C614&amp;ssl=1 1536w, https:\/\/i0.wp.com\/www.minuaplast.com\/wp-content\/uploads\/2024\/12\/SDR41-PN4.png?resize=2048%2C819&amp;ssl=1 2048w, https:\/\/i0.wp.com\/www.minuaplast.com\/wp-content\/uploads\/2024\/12\/SDR41-PN4.png?resize=18%2C7&amp;ssl=1 18w, https:\/\/i0.wp.com\/www.minuaplast.com\/wp-content\/uploads\/2024\/12\/SDR41-PN4.png?resize=600%2C240&amp;ssl=1 600w, https:\/\/i0.wp.com\/www.minuaplast.com\/wp-content\/uploads\/2024\/12\/SDR41-PN4.png?w=2160&amp;ssl=1 2160w\" sizes=\"auto, (max-width: 1080px) 100vw, 1080px\" \/><\/p>","protected":false},"excerpt":{"rendered":"<p>Altyap\u0131 sistemlerinde en s\u0131k kullan\u0131lan boru se\u00e7enekleri aras\u0131nda, y\u00fcksek yo\u011funluklu polietilen (HDPE) hammaddesinden \u00fcretilen PE-100 borular \u00f6ne \u00e7\u0131kmaktad\u0131r. Bu borular\u0131n p\u00fcr\u00fczs\u00fcz i\u00e7 yap\u0131s\u0131, ak\u0131\u015fkan ge\u00e7i\u015flerini kolayla\u015ft\u0131r\u0131rken; sert ve sa\u011flam d\u0131\u015f&#8230;<\/p>","protected":false},"featured_media":595,"template":"","meta":[],"product_cat":[21],"product_tag":[],"class_list":{"0":"post-593","1":"product","2":"type-product","3":"status-publish","4":"has-post-thumbnail","6":"product_cat-pe-100-hdpe-altyapi-borulari","8":"first","9":"instock","10":"shipping-taxable","11":"product-type-simple"},"jetpack_sharing_enabled":true,"_links":{"self":[{"href":"https:\/\/www.minuaplast.com\/ru\/wp-json\/wp\/v2\/product\/593","targetHints":{"allow":["GET"]}}],"collection":[{"href":"https:\/\/www.minuaplast.com\/ru\/wp-json\/wp\/v2\/product"}],"about":[{"href":"https:\/\/www.minuaplast.com\/ru\/wp-json\/wp\/v2\/types\/product"}],"wp:featuredmedia":[{"embeddable":true,"href":"https:\/\/www.minuaplast.com\/ru\/wp-json\/wp\/v2\/media\/595"}],"wp:attachment":[{"href":"https:\/\/www.minuaplast.com\/ru\/wp-json\/wp\/v2\/media?parent=593"}],"wp:term":[{"taxonomy":"product_cat","embeddable":true,"href":"https:\/\/www.minuaplast.com\/ru\/wp-json\/wp\/v2\/product_cat?post=593"},{"taxonomy":"product_tag","embeddable":true,"href":"https:\/\/www.minuaplast.com\/ru\/wp-json\/wp\/v2\/product_tag?post=593"}],"curies":[{"name":"wp","href":"https:\/\/api.w.org\/{rel}","templated":true}]}}