{"id":593,"date":"2024-12-22T20:15:19","date_gmt":"2024-12-22T17:15:19","guid":{"rendered":"https:\/\/www.minuaplast.com\/?post_type=product&#038;p=593"},"modified":"2025-02-10T19:17:58","modified_gmt":"2025-02-10T16:17:58","slug":"pe-100-hdpe-altyapi-borulari","status":"publish","type":"product","link":"https:\/\/www.minuaplast.com\/pt\/os-nossos-produtos\/tubos-para-infra-estruturas-em-pe-100-hdpe\/","title":{"rendered":"PE-100 (HDPE) Tubos para infra-estruturas"},"content":{"rendered":"<p>Entre as op\u00e7\u00f5es de tubos mais utilizadas em sistemas de infra-estruturas, a mat\u00e9ria-prima polietileno de alta densidade (PEAD) <strong>Tubos PE-100<\/strong> destaca-se. A estrutura interna lisa destes tubos facilita a passagem do fluido, enquanto a superf\u00edcie exterior dura e robusta proporciona uma prote\u00e7\u00e3o superior contra impactos externos e condi\u00e7\u00f5es ambientais. Tamb\u00e9m, <strong>resistente \u00e0 corros\u00e3o<\/strong> Gra\u00e7as \u00e0 sua estrutura, minimiza a necessidade de manuten\u00e7\u00e3o e repara\u00e7\u00e3o, oferecendo uma longa vida \u00fatil.<\/p>\n<p>Uma das carater\u00edsticas mais importantes dos tubos PEAD, <strong>resist\u00eancia \u00e0 forma\u00e7\u00e3o de sedimentos<\/strong> \u00e9 o facto de mostrar. Nomeadamente <strong>\u00e1gua salgada<\/strong> e <strong>em res\u00edduos de esgotos<\/strong> Oferece uma utiliza\u00e7\u00e3o fi\u00e1vel em sistemas de infra-estruturas, n\u00e3o sendo afetado por produtos qu\u00edmicos que possam estar presentes. Esta durabilidade faz com que estes tubos <strong>minas, drenagem, linhas de recolha de g\u00e1s, cablagem de telecomunica\u00e7\u00f5es<\/strong> Isto torna-os produtos vers\u00e1teis que tamb\u00e9m s\u00e3o preferidos em diferentes sectores. Mais uma vez <strong>redes de \u00e1gua<\/strong>, <strong>armazenamento de res\u00edduos s\u00f3lidos<\/strong> e <strong>transfer\u00eancia de \u00e1gua<\/strong> destaca-se pelas suas qualidades que n\u00e3o p\u00f5em em risco a sa\u00fade humana.<\/p>\n<ul>\n<li><strong>O polietileno (HDPE) n\u00e3o sofre corros\u00e3o, n\u00e3o \u00e9 afetado por produtos qu\u00edmicos e tem uma elevada resist\u00eancia \u00e0 abras\u00e3o<\/strong>Este facto torna a vida \u00fatil destes tubos vantajosa em compara\u00e7\u00e3o com muitas outras alternativas. M\u00ednimo <strong>50 anos<\/strong> O facto de proporcionar a oportunidade de utiliza\u00e7\u00e3o durante um longo per\u00edodo de tempo \u00e9 um fator cr\u00edtico que aumenta a sustentabilidade dos projectos.<\/li>\n<li>Gra\u00e7as \u00e0 elevada capacidade de soldadura do produto PEAD, \u00e9 poss\u00edvel <strong>m\u00e9todos de jun\u00e7\u00e3o<\/strong> \u00e9 poss\u00edvel criar solu\u00e7\u00f5es flex\u00edveis e adequadas ao projeto. <strong>Soldadura na testa<\/strong>, <strong>soldadura por electrofus\u00e3o<\/strong>, <strong>tomada de press\u00e3o<\/strong> e <strong>soldadura por extrus\u00e3o<\/strong> oferecem op\u00e7\u00f5es de aplica\u00e7\u00e3o pr\u00e1ticas que satisfazem as diferentes necessidades de cada projeto.<\/li>\n<li><strong>Tubos PE-100 (HDPE)<\/strong>podem ser produzidos em diferentes classes de press\u00e3o, de acordo com o projeto. Isto permite poupar mat\u00e9ria-prima e apoiar os objectivos de custo e desempenho do projeto.<\/li>\n<\/ul>\n<p>Estas propriedades vers\u00e1teis e duradouras, <strong>infra-estruturas<\/strong> e revela claramente as raz\u00f5es pelas quais os tubos PEAD s\u00e3o preferidos nas aplica\u00e7\u00f5es industriais. Estes tubos, que reduzem os custos de m\u00e3o de obra gra\u00e7as \u00e0 sua facilidade de transporte e instala\u00e7\u00e3o, tamb\u00e9m se destacam pela sua estrutura amiga do ambiente e da sa\u00fade humana. A sua resist\u00eancia superior aos efeitos qu\u00edmicos e mec\u00e2nicos prolonga a vida \u00fatil das condutas e proporciona um funcionamento seguro e a longo prazo. <strong>Como resultado, os tubos PE-100 (HDPE); durabilidade, flexibilidade, alto desempenho e longevidade<\/strong> \u00c9 uma op\u00e7\u00e3o indispens\u00e1vel em projectos de infra-estruturas com as suas carater\u00edsticas, tais como<\/p>\n<p><img data-recalc-dims=\"1\" loading=\"lazy\" decoding=\"async\" class=\"alignnone wp-image-603 size-full\" src=\"https:\/\/i0.wp.com\/www.minuaplast.com\/wp-content\/uploads\/2024\/12\/SDR41-PN4.png?resize=1080%2C432&#038;ssl=1\" alt=\"\" width=\"1080\" height=\"432\" srcset=\"https:\/\/i0.wp.com\/www.minuaplast.com\/wp-content\/uploads\/2024\/12\/SDR41-PN4.png?w=3000&amp;ssl=1 3000w, https:\/\/i0.wp.com\/www.minuaplast.com\/wp-content\/uploads\/2024\/12\/SDR41-PN4.png?resize=300%2C120&amp;ssl=1 300w, https:\/\/i0.wp.com\/www.minuaplast.com\/wp-content\/uploads\/2024\/12\/SDR41-PN4.png?resize=1024%2C410&amp;ssl=1 1024w, https:\/\/i0.wp.com\/www.minuaplast.com\/wp-content\/uploads\/2024\/12\/SDR41-PN4.png?resize=768%2C307&amp;ssl=1 768w, https:\/\/i0.wp.com\/www.minuaplast.com\/wp-content\/uploads\/2024\/12\/SDR41-PN4.png?resize=1536%2C614&amp;ssl=1 1536w, https:\/\/i0.wp.com\/www.minuaplast.com\/wp-content\/uploads\/2024\/12\/SDR41-PN4.png?resize=2048%2C819&amp;ssl=1 2048w, https:\/\/i0.wp.com\/www.minuaplast.com\/wp-content\/uploads\/2024\/12\/SDR41-PN4.png?resize=18%2C7&amp;ssl=1 18w, https:\/\/i0.wp.com\/www.minuaplast.com\/wp-content\/uploads\/2024\/12\/SDR41-PN4.png?resize=600%2C240&amp;ssl=1 600w, https:\/\/i0.wp.com\/www.minuaplast.com\/wp-content\/uploads\/2024\/12\/SDR41-PN4.png?w=2160&amp;ssl=1 2160w\" sizes=\"auto, (max-width: 1080px) 100vw, 1080px\" \/><\/p>","protected":false},"excerpt":{"rendered":"<p>Entre as op\u00e7\u00f5es de tubos mais frequentemente utilizadas em sistemas de infra-estruturas, destacam-se os tubos PE-100 feitos de mat\u00e9ria-prima de polietileno de alta densidade (HDPE). Enquanto a estrutura interior lisa destes tubos facilita a passagem de fluidos, a estrutura exterior dura e robusta...<\/p>","protected":false},"featured_media":595,"template":"","meta":[],"product_cat":[21],"product_tag":[],"class_list":{"0":"post-593","1":"product","2":"type-product","3":"status-publish","4":"has-post-thumbnail","6":"product_cat-pe-100-hdpe-altyapi-borulari","8":"first","9":"instock","10":"shipping-taxable","11":"product-type-simple"},"jetpack_sharing_enabled":true,"_links":{"self":[{"href":"https:\/\/www.minuaplast.com\/pt\/wp-json\/wp\/v2\/product\/593","targetHints":{"allow":["GET"]}}],"collection":[{"href":"https:\/\/www.minuaplast.com\/pt\/wp-json\/wp\/v2\/product"}],"about":[{"href":"https:\/\/www.minuaplast.com\/pt\/wp-json\/wp\/v2\/types\/product"}],"wp:featuredmedia":[{"embeddable":true,"href":"https:\/\/www.minuaplast.com\/pt\/wp-json\/wp\/v2\/media\/595"}],"wp:attachment":[{"href":"https:\/\/www.minuaplast.com\/pt\/wp-json\/wp\/v2\/media?parent=593"}],"wp:term":[{"taxonomy":"product_cat","embeddable":true,"href":"https:\/\/www.minuaplast.com\/pt\/wp-json\/wp\/v2\/product_cat?post=593"},{"taxonomy":"product_tag","embeddable":true,"href":"https:\/\/www.minuaplast.com\/pt\/wp-json\/wp\/v2\/product_tag?post=593"}],"curies":[{"name":"wp","href":"https:\/\/api.w.org\/{rel}","templated":true}]}}