{"id":556,"date":"2024-11-27T19:15:38","date_gmt":"2024-11-27T16:15:38","guid":{"rendered":"https:\/\/www.minuaplast.com\/?post_type=product&#038;p=556"},"modified":"2024-12-12T23:43:02","modified_gmt":"2024-12-12T20:43:02","slug":"6-m-mandalli-yagmurlama-borulari","status":"publish","type":"product","link":"https:\/\/www.minuaplast.com\/pt\/os-nossos-produtos\/tubos-de-aspersao-com-fecho-de-6-m\/","title":{"rendered":"Tubos de aspers\u00e3o com fecho de 6 m\u00a0"},"content":{"rendered":"<p><strong>FEITO \u00c0 M\u00c3O :<\/strong> Alta densidade\u00a0<a class=\"x-el x-el-a c1-2w c1-2x c1-1u c1-1v c1-1w c1-2y c1-1y c1-2g c1-2i c1-2h c1-2j c1-2k c1-2l c1-8y c1-b c1-34 c1-35 c1-2a c1-36\" href=\"https:\/\/minuaplast0.godaddysites.com\/%C3%BCr%C3%BCn-%C3%B6l%C3%A7%C3%BC-tablosu\" rel=\"\" data-page=\"76ff3cd5-25e3-4aff-9241-6bc2347042ef\">\u00a0<\/a>Polietileno (HDPE)<\/p>\n<p><strong>PRESS\u00c3O:<\/strong> 6 Press\u00e3o de funcionamento do ATU<\/p>\n<ul>\n<li>Tubo inquebr\u00e1vel resistente aos impactos e \u00e0 luz solar,<\/li>\n<li>Resist\u00eancia \u00e0 corros\u00e3o,<\/li>\n<li>Resist\u00eancia a microrganismos e roedores,<\/li>\n<li>F\u00e1cil de colocar em todos os tipos de terreno,<\/li>\n<li>Facilidade de transporte e de montagem,<\/li>\n<li>Sistema de veda\u00e7\u00e3o seguro que elimina as perdas de \u00e1gua atrav\u00e9s da veda\u00e7\u00e3o,<\/li>\n<li>Totalmente compat\u00edvel com outros sistemas de rega por aspers\u00e3o.<\/li>\n<\/ul>\n<p><img data-recalc-dims=\"1\" loading=\"lazy\" decoding=\"async\" class=\"alignnone wp-image-573 size-full\" src=\"https:\/\/i0.wp.com\/www.minuaplast.com\/wp-content\/uploads\/2024\/11\/GenelOlcuTablosu.png?resize=600%2C450&#038;ssl=1\" alt=\"\" width=\"600\" height=\"450\" srcset=\"https:\/\/i0.wp.com\/www.minuaplast.com\/wp-content\/uploads\/2024\/11\/GenelOlcuTablosu.png?w=600&amp;ssl=1 600w, https:\/\/i0.wp.com\/www.minuaplast.com\/wp-content\/uploads\/2024\/11\/GenelOlcuTablosu.png?resize=300%2C225&amp;ssl=1 300w, https:\/\/i0.wp.com\/www.minuaplast.com\/wp-content\/uploads\/2024\/11\/GenelOlcuTablosu.png?resize=16%2C12&amp;ssl=1 16w\" sizes=\"auto, (max-width: 600px) 100vw, 600px\" \/><\/p>","protected":false},"excerpt":{"rendered":"<p>MAT\u00c9RIA-PRIMA : Polietileno de Alta Densidade (HDPE) PRESS\u00c3O: 6 ATU Press\u00e3o de trabalho Tubo inquebr\u00e1vel resistente aos impactos, \u00e0 luz solar, \u00e0 corros\u00e3o, aos microorganismos e aos roedores, f\u00e1cil de utilizar em todos os tipos de terreno...<\/p>","protected":false},"featured_media":562,"template":"","meta":[],"product_cat":[20],"product_tag":[],"class_list":{"0":"post-556","1":"product","2":"type-product","3":"status-publish","4":"has-post-thumbnail","6":"product_cat-yagmurlama-sulama-sistemleri","8":"first","9":"instock","10":"shipping-taxable","11":"product-type-simple"},"jetpack_sharing_enabled":true,"_links":{"self":[{"href":"https:\/\/www.minuaplast.com\/pt\/wp-json\/wp\/v2\/product\/556","targetHints":{"allow":["GET"]}}],"collection":[{"href":"https:\/\/www.minuaplast.com\/pt\/wp-json\/wp\/v2\/product"}],"about":[{"href":"https:\/\/www.minuaplast.com\/pt\/wp-json\/wp\/v2\/types\/product"}],"wp:featuredmedia":[{"embeddable":true,"href":"https:\/\/www.minuaplast.com\/pt\/wp-json\/wp\/v2\/media\/562"}],"wp:attachment":[{"href":"https:\/\/www.minuaplast.com\/pt\/wp-json\/wp\/v2\/media?parent=556"}],"wp:term":[{"taxonomy":"product_cat","embeddable":true,"href":"https:\/\/www.minuaplast.com\/pt\/wp-json\/wp\/v2\/product_cat?post=556"},{"taxonomy":"product_tag","embeddable":true,"href":"https:\/\/www.minuaplast.com\/pt\/wp-json\/wp\/v2\/product_tag?post=556"}],"curies":[{"name":"wp","href":"https:\/\/api.w.org\/{rel}","templated":true}]}}