{"id":593,"date":"2024-12-22T20:15:19","date_gmt":"2024-12-22T17:15:19","guid":{"rendered":"https:\/\/www.minuaplast.com\/?post_type=product&#038;p=593"},"modified":"2025-02-10T19:17:58","modified_gmt":"2025-02-10T16:17:58","slug":"pe-100-hdpe-altyapi-borulari","status":"publish","type":"product","link":"https:\/\/www.minuaplast.com\/nl\/onze-producten\/pe-100-hdpe-infrastructuurbuizen\/","title":{"rendered":"PE-100 (HDPE) Infrastructuurbuizen"},"content":{"rendered":"<p>Een van de meest gebruikte buisopties in infrastructuursystemen is de grondstof hogedichtheid polyethyleen (HDPE). <strong>PE-100 buizen<\/strong> zich onderscheidt. De gladde interne structuur van deze buizen vergemakkelijkt de vloeistofdoorvoer, terwijl de harde en robuuste buitenkant superieure bescherming biedt tegen externe schokken en omgevingsomstandigheden. Ook, <strong>bestand tegen corrosie<\/strong> Dankzij de structuur minimaliseert het de behoefte aan onderhoud en reparatie door een lange levensduur te bieden.<\/p>\n<p>Een van de belangrijkste kenmerken van HDPE-buizen, <strong>weerstand tegen sedimentvorming<\/strong> is dat het laat zien. In het bijzonder <strong>zout water<\/strong> en <strong>in rioolafval<\/strong> Ze bieden een betrouwbaar gebruik in infrastructuursystemen doordat ze niet worden aangetast door eventueel aanwezige chemicali\u00ebn. Deze duurzaamheid maakt deze buizen <strong>mijnbouw, drainage, gasverzamelleidingen, telecommunicatiebekabeling<\/strong> Hierdoor zijn het veelzijdige producten die ook in verschillende sectoren de voorkeur genieten. Opnieuw <strong>waternetwerken<\/strong>, <strong>opslag vast afval<\/strong> en <strong>wateroverdracht<\/strong> toepassingen onderscheidt het zich door zijn kwaliteiten die de menselijke gezondheid niet in gevaar brengen.<\/p>\n<ul>\n<li><strong>Polyethyleen (HDPE) corrodeert niet, wordt niet aangetast door chemicali\u00ebn en heeft een hoge slijtvastheid<\/strong>Hierdoor is de levensduur van deze buizen voordelig in vergelijking met veel andere alternatieven. Minimaal <strong>50 jaar<\/strong> Het feit dat het de mogelijkheid biedt om het gedurende een lange periode te gebruiken, is een cruciale factor die de duurzaamheid van projecten vergroot.<\/li>\n<li>Dankzij de hoge lasbaarheid van HDPE kunnen verschillende <strong>verbindingsmethoden<\/strong> is het mogelijk om flexibele oplossingen te cre\u00ebren die geschikt zijn voor het project. <strong>Lassen van het voorhoofd<\/strong>, <strong>elektrolassen<\/strong>, <strong>stopcontact<\/strong> en <strong>extrusielassen<\/strong> methoden bieden praktische toepassingsopties die voldoen aan de verschillende behoeften van elk project.<\/li>\n<li><strong>PE-100 (HDPE) buizen<\/strong>kan worden geproduceerd in verschillende drukklassen in overeenstemming met het project. Dit levert grondstofbesparingen op en ondersteunt de kosten- en prestatiedoelen van het project.<\/li>\n<\/ul>\n<p>Deze veelzijdige en duurzame eigenschappen, <strong>infrastructuur<\/strong> en laat duidelijk zien waarom HDPE-buizen de voorkeur genieten in industri\u00eble toepassingen. Deze buizen, die de arbeidskosten verlagen dankzij hun gemakkelijke transport en installatie, onderscheiden zich ook door hun milieu- en gezondheidsvriendelijke structuur. De superieure weerstand tegen chemische en mechanische invloeden verlengt de levensduur van pijpleidingen en zorgt voor een langdurige en veilige werking. <strong>Als gevolg hiervan zijn PE-100 (HDPE) buizen duurzaam, flexibel, hebben ze hoge prestaties en een lange levensduur.<\/strong> Het is een onmisbare optie in infrastructuurprojecten met eigenschappen zoals.<\/p>\n<p><img data-recalc-dims=\"1\" loading=\"lazy\" decoding=\"async\" class=\"alignnone wp-image-603 size-full\" src=\"https:\/\/i0.wp.com\/www.minuaplast.com\/wp-content\/uploads\/2024\/12\/SDR41-PN4.png?resize=1080%2C432&#038;ssl=1\" alt=\"\" width=\"1080\" height=\"432\" srcset=\"https:\/\/i0.wp.com\/www.minuaplast.com\/wp-content\/uploads\/2024\/12\/SDR41-PN4.png?w=3000&amp;ssl=1 3000w, https:\/\/i0.wp.com\/www.minuaplast.com\/wp-content\/uploads\/2024\/12\/SDR41-PN4.png?resize=300%2C120&amp;ssl=1 300w, https:\/\/i0.wp.com\/www.minuaplast.com\/wp-content\/uploads\/2024\/12\/SDR41-PN4.png?resize=1024%2C410&amp;ssl=1 1024w, https:\/\/i0.wp.com\/www.minuaplast.com\/wp-content\/uploads\/2024\/12\/SDR41-PN4.png?resize=768%2C307&amp;ssl=1 768w, https:\/\/i0.wp.com\/www.minuaplast.com\/wp-content\/uploads\/2024\/12\/SDR41-PN4.png?resize=1536%2C614&amp;ssl=1 1536w, https:\/\/i0.wp.com\/www.minuaplast.com\/wp-content\/uploads\/2024\/12\/SDR41-PN4.png?resize=2048%2C819&amp;ssl=1 2048w, https:\/\/i0.wp.com\/www.minuaplast.com\/wp-content\/uploads\/2024\/12\/SDR41-PN4.png?resize=18%2C7&amp;ssl=1 18w, https:\/\/i0.wp.com\/www.minuaplast.com\/wp-content\/uploads\/2024\/12\/SDR41-PN4.png?resize=600%2C240&amp;ssl=1 600w, https:\/\/i0.wp.com\/www.minuaplast.com\/wp-content\/uploads\/2024\/12\/SDR41-PN4.png?w=2160&amp;ssl=1 2160w\" sizes=\"auto, (max-width: 1080px) 100vw, 1080px\" \/><\/p>","protected":false},"excerpt":{"rendered":"<p>Altyap\u0131 sistemlerinde en s\u0131k kullan\u0131lan boru se\u00e7enekleri aras\u0131nda, y\u00fcksek yo\u011funluklu polietilen (HDPE) hammaddesinden \u00fcretilen PE-100 borular \u00f6ne \u00e7\u0131kmaktad\u0131r. Bu borular\u0131n p\u00fcr\u00fczs\u00fcz i\u00e7 yap\u0131s\u0131, ak\u0131\u015fkan ge\u00e7i\u015flerini kolayla\u015ft\u0131r\u0131rken; sert ve sa\u011flam d\u0131\u015f&#8230;<\/p>","protected":false},"featured_media":595,"template":"","meta":[],"product_cat":[21],"product_tag":[],"class_list":{"0":"post-593","1":"product","2":"type-product","3":"status-publish","4":"has-post-thumbnail","6":"product_cat-pe-100-hdpe-altyapi-borulari","8":"first","9":"instock","10":"shipping-taxable","11":"product-type-simple"},"jetpack_sharing_enabled":true,"_links":{"self":[{"href":"https:\/\/www.minuaplast.com\/nl\/wp-json\/wp\/v2\/product\/593","targetHints":{"allow":["GET"]}}],"collection":[{"href":"https:\/\/www.minuaplast.com\/nl\/wp-json\/wp\/v2\/product"}],"about":[{"href":"https:\/\/www.minuaplast.com\/nl\/wp-json\/wp\/v2\/types\/product"}],"wp:featuredmedia":[{"embeddable":true,"href":"https:\/\/www.minuaplast.com\/nl\/wp-json\/wp\/v2\/media\/595"}],"wp:attachment":[{"href":"https:\/\/www.minuaplast.com\/nl\/wp-json\/wp\/v2\/media?parent=593"}],"wp:term":[{"taxonomy":"product_cat","embeddable":true,"href":"https:\/\/www.minuaplast.com\/nl\/wp-json\/wp\/v2\/product_cat?post=593"},{"taxonomy":"product_tag","embeddable":true,"href":"https:\/\/www.minuaplast.com\/nl\/wp-json\/wp\/v2\/product_tag?post=593"}],"curies":[{"name":"wp","href":"https:\/\/api.w.org\/{rel}","templated":true}]}}