{"id":593,"date":"2024-12-22T20:15:19","date_gmt":"2024-12-22T17:15:19","guid":{"rendered":"https:\/\/www.minuaplast.com\/?post_type=product&#038;p=593"},"modified":"2025-02-10T19:17:58","modified_gmt":"2025-02-10T16:17:58","slug":"pe-100-hdpe-altyapi-borulari","status":"publish","type":"product","link":"https:\/\/www.minuaplast.com\/es\/nuestros-productos\/pe-100-hdpe-tuberias-para-infraestructuras\/","title":{"rendered":"Tuber\u00edas para infraestructuras PE-100 (HDPE)"},"content":{"rendered":"<p>Entre las opciones de tuber\u00edas m\u00e1s utilizadas en los sistemas de infraestructuras, el polietileno de alta densidad (HDPE) materia prima <strong>Tubos PE-100<\/strong> destaca. La suave estructura interna de estos tubos facilita el paso de fluidos, mientras que la dura y robusta superficie exterior proporciona una protecci\u00f3n superior contra impactos externos y condiciones ambientales. Tambi\u00e9n, <strong>resistente a la corrosi\u00f3n<\/strong> Gracias a su estructura, minimiza la necesidad de mantenimiento y reparaci\u00f3n ofreciendo una larga vida \u00fatil.<\/p>\n<p>Una de las caracter\u00edsticas m\u00e1s importantes de las tuber\u00edas de HDPE, <strong>resistencia a la formaci\u00f3n de sedimentos<\/strong> es que se nota. En particular <strong>agua salada<\/strong> y <strong>en aguas residuales<\/strong> Ofrece un uso fiable en sistemas de infraestructuras al no verse afectado por los productos qu\u00edmicos que puedan estar presentes. Esta durabilidad hace que estas tuber\u00edas <strong>miner\u00eda, drenaje, l\u00edneas de recogida de gas, cableado de telecomunicaciones<\/strong> Esto los convierte en productos vers\u00e1tiles que tambi\u00e9n son preferidos en diferentes sectores. De nuevo <strong>redes de agua<\/strong>, <strong>almacenamiento de residuos s\u00f3lidos<\/strong> y <strong>trasvase de agua<\/strong> aplicaciones, destaca por sus cualidades que no pondr\u00e1n en riesgo la salud humana.<\/p>\n<ul>\n<li><strong>El polietileno (HDPE) no se corroe, no le afectan los productos qu\u00edmicos y tiene una gran resistencia a la abrasi\u00f3n<\/strong>Esto hace que la vida \u00fatil de estas tuber\u00edas sea ventajosa en comparaci\u00f3n con muchas otras alternativas. M\u00ednimo <strong>50 a\u00f1os<\/strong> El hecho de que ofrezca la oportunidad de utilizarlo durante un largo periodo de tiempo es un factor cr\u00edtico que aumenta la sostenibilidad de los proyectos.<\/li>\n<li>Gracias a la alta soldabilidad del producto HDPE, se pueden realizar diferentes <strong>m\u00e9todos de uni\u00f3n<\/strong> es posible crear soluciones flexibles adecuadas al proyecto. <strong>Soldadura frontal<\/strong>, <strong>soldadura por electrofusi\u00f3n<\/strong>, <strong>enchufe de empuje<\/strong> y <strong>soldadura por extrusi\u00f3n<\/strong> ofrecen opciones de aplicaci\u00f3n pr\u00e1ctica que responden a las distintas necesidades de cada proyecto.<\/li>\n<li><strong>Tuber\u00edas de PE-100 (HDPE)<\/strong>pueden fabricarse en diferentes clases de presi\u00f3n de acuerdo con el proyecto. As\u00ed se ahorra materia prima y se cumplen los objetivos de coste y rendimiento del proyecto.<\/li>\n<\/ul>\n<p>Estas propiedades vers\u00e1tiles y duraderas, <strong>infraestructura<\/strong> y revela claramente las razones por las que las tuber\u00edas de HDPE son las preferidas en las aplicaciones industriales. Estas tuber\u00edas, que reducen los costes de mano de obra gracias a su facilidad de transporte e instalaci\u00f3n, tambi\u00e9n destacan por su estructura respetuosa con el medio ambiente y la salud humana. Su resistencia superior a los efectos qu\u00edmicos y mec\u00e1nicos prolonga la vida \u00fatil de las tuber\u00edas y proporciona un funcionamiento seguro y a largo plazo. <strong>Como resultado, las tuber\u00edas de PE-100 (HDPE); durabilidad, flexibilidad, alto rendimiento y longevidad.<\/strong> Es una opci\u00f3n indispensable en los proyectos de infraestructuras gracias a sus caracter\u00edsticas.<\/p>\n<p><img data-recalc-dims=\"1\" loading=\"lazy\" decoding=\"async\" class=\"alignnone wp-image-603 size-full\" src=\"https:\/\/i0.wp.com\/www.minuaplast.com\/wp-content\/uploads\/2024\/12\/SDR41-PN4.png?resize=1080%2C432&#038;ssl=1\" alt=\"\" width=\"1080\" height=\"432\" srcset=\"https:\/\/i0.wp.com\/www.minuaplast.com\/wp-content\/uploads\/2024\/12\/SDR41-PN4.png?w=3000&amp;ssl=1 3000w, https:\/\/i0.wp.com\/www.minuaplast.com\/wp-content\/uploads\/2024\/12\/SDR41-PN4.png?resize=300%2C120&amp;ssl=1 300w, https:\/\/i0.wp.com\/www.minuaplast.com\/wp-content\/uploads\/2024\/12\/SDR41-PN4.png?resize=1024%2C410&amp;ssl=1 1024w, https:\/\/i0.wp.com\/www.minuaplast.com\/wp-content\/uploads\/2024\/12\/SDR41-PN4.png?resize=768%2C307&amp;ssl=1 768w, https:\/\/i0.wp.com\/www.minuaplast.com\/wp-content\/uploads\/2024\/12\/SDR41-PN4.png?resize=1536%2C614&amp;ssl=1 1536w, https:\/\/i0.wp.com\/www.minuaplast.com\/wp-content\/uploads\/2024\/12\/SDR41-PN4.png?resize=2048%2C819&amp;ssl=1 2048w, https:\/\/i0.wp.com\/www.minuaplast.com\/wp-content\/uploads\/2024\/12\/SDR41-PN4.png?resize=18%2C7&amp;ssl=1 18w, https:\/\/i0.wp.com\/www.minuaplast.com\/wp-content\/uploads\/2024\/12\/SDR41-PN4.png?resize=600%2C240&amp;ssl=1 600w, https:\/\/i0.wp.com\/www.minuaplast.com\/wp-content\/uploads\/2024\/12\/SDR41-PN4.png?w=2160&amp;ssl=1 2160w\" sizes=\"auto, (max-width: 1080px) 100vw, 1080px\" \/><\/p>","protected":false},"excerpt":{"rendered":"<p>Entre las opciones de tuber\u00edas m\u00e1s utilizadas en los sistemas de infraestructuras, destacan las tuber\u00edas PE-100 fabricadas con materia prima de polietileno de alta densidad (HDPE). Mientras que la suave estructura interior de estas tuber\u00edas facilita el paso de fluidos; la dura y robusta estructura exterior...<\/p>","protected":false},"featured_media":595,"template":"","meta":[],"product_cat":[21],"product_tag":[],"class_list":{"0":"post-593","1":"product","2":"type-product","3":"status-publish","4":"has-post-thumbnail","6":"product_cat-pe-100-hdpe-altyapi-borulari","8":"first","9":"instock","10":"shipping-taxable","11":"product-type-simple"},"jetpack_sharing_enabled":true,"_links":{"self":[{"href":"https:\/\/www.minuaplast.com\/es\/wp-json\/wp\/v2\/product\/593","targetHints":{"allow":["GET"]}}],"collection":[{"href":"https:\/\/www.minuaplast.com\/es\/wp-json\/wp\/v2\/product"}],"about":[{"href":"https:\/\/www.minuaplast.com\/es\/wp-json\/wp\/v2\/types\/product"}],"wp:featuredmedia":[{"embeddable":true,"href":"https:\/\/www.minuaplast.com\/es\/wp-json\/wp\/v2\/media\/595"}],"wp:attachment":[{"href":"https:\/\/www.minuaplast.com\/es\/wp-json\/wp\/v2\/media?parent=593"}],"wp:term":[{"taxonomy":"product_cat","embeddable":true,"href":"https:\/\/www.minuaplast.com\/es\/wp-json\/wp\/v2\/product_cat?post=593"},{"taxonomy":"product_tag","embeddable":true,"href":"https:\/\/www.minuaplast.com\/es\/wp-json\/wp\/v2\/product_tag?post=593"}],"curies":[{"name":"wp","href":"https:\/\/api.w.org\/{rel}","templated":true}]}}