{"id":555,"date":"2024-11-27T19:14:39","date_gmt":"2024-11-27T16:14:39","guid":{"rendered":"https:\/\/www.minuaplast.com\/?post_type=product&#038;p=555"},"modified":"2024-12-12T23:43:10","modified_gmt":"2024-12-12T20:43:10","slug":"5-m-mandalli-yagmurlama-borulari","status":"publish","type":"product","link":"https:\/\/www.minuaplast.com\/es\/nuestros-productos\/tubos-de-rociadores-con-enclavamiento-de-5-m\/","title":{"rendered":"Tubos de aspersi\u00f3n con enclavamiento de 5 m\u00a0"},"content":{"rendered":"<p><strong>HAMMADE :<\/strong> Alta densidad\u00a0<a class=\"x-el x-el-a c1-2w c1-2x c1-1u c1-1v c1-1w c1-2y c1-1y c1-2g c1-2i c1-2h c1-2j c1-2k c1-2l c1-8y c1-b c1-34 c1-35 c1-2a c1-36\" href=\"https:\/\/minuaplast0.godaddysites.com\/%C3%BCr%C3%BCn-%C3%B6l%C3%A7%C3%BC-tablosu\" rel=\"\" data-page=\"76ff3cd5-25e3-4aff-9241-6bc2347042ef\">\u00a0<\/a>Polietileno (HDPE)<\/p>\n<p><strong>PRESI\u00d3N:<\/strong> 6 ATU Presi\u00f3n de trabajo<\/p>\n<ul>\n<li>Tubo irrompible resistente a los impactos, a la luz solar,<\/li>\n<li>Resistencia a la corrosi\u00f3n,<\/li>\n<li>Resistencia a microorganismos y roedores,<\/li>\n<li>F\u00e1cil colocaci\u00f3n en todo tipo de condiciones del terreno,<\/li>\n<li>Facilidad de transporte y montaje,<\/li>\n<li>Sistema de sellado seguro que elimina las p\u00e9rdidas de agua gracias a su estanqueidad,<\/li>\n<li>Totalmente compatible con otros sistemas de riego por aspersi\u00f3n.<\/li>\n<\/ul>\n<p><img data-recalc-dims=\"1\" loading=\"lazy\" decoding=\"async\" class=\"alignnone wp-image-573 size-full\" src=\"https:\/\/i0.wp.com\/www.minuaplast.com\/wp-content\/uploads\/2024\/11\/GenelOlcuTablosu.png?resize=600%2C450&#038;ssl=1\" alt=\"\" width=\"600\" height=\"450\" srcset=\"https:\/\/i0.wp.com\/www.minuaplast.com\/wp-content\/uploads\/2024\/11\/GenelOlcuTablosu.png?w=600&amp;ssl=1 600w, https:\/\/i0.wp.com\/www.minuaplast.com\/wp-content\/uploads\/2024\/11\/GenelOlcuTablosu.png?resize=300%2C225&amp;ssl=1 300w, https:\/\/i0.wp.com\/www.minuaplast.com\/wp-content\/uploads\/2024\/11\/GenelOlcuTablosu.png?resize=16%2C12&amp;ssl=1 16w\" sizes=\"auto, (max-width: 600px) 100vw, 600px\" \/><\/p>","protected":false},"excerpt":{"rendered":"<p>MATERIA PRIMA : Polietileno de Alta Densidad (HDPE) PRESI\u00d3N: 6 ATU Presi\u00f3n de trabajo Tubo irrompible resistente a los impactos, a la luz solar, Resistencia a la corrosi\u00f3n, Resistencia a los microorganismos y roedores, F\u00e1cil de utilizar en todo tipo de condiciones de terreno...<\/p>","protected":false},"featured_media":561,"template":"","meta":[],"product_cat":[20],"product_tag":[],"class_list":{"0":"post-555","1":"product","2":"type-product","3":"status-publish","4":"has-post-thumbnail","6":"product_cat-yagmurlama-sulama-sistemleri","8":"first","9":"instock","10":"shipping-taxable","11":"product-type-simple"},"jetpack_sharing_enabled":true,"_links":{"self":[{"href":"https:\/\/www.minuaplast.com\/es\/wp-json\/wp\/v2\/product\/555","targetHints":{"allow":["GET"]}}],"collection":[{"href":"https:\/\/www.minuaplast.com\/es\/wp-json\/wp\/v2\/product"}],"about":[{"href":"https:\/\/www.minuaplast.com\/es\/wp-json\/wp\/v2\/types\/product"}],"wp:featuredmedia":[{"embeddable":true,"href":"https:\/\/www.minuaplast.com\/es\/wp-json\/wp\/v2\/media\/561"}],"wp:attachment":[{"href":"https:\/\/www.minuaplast.com\/es\/wp-json\/wp\/v2\/media?parent=555"}],"wp:term":[{"taxonomy":"product_cat","embeddable":true,"href":"https:\/\/www.minuaplast.com\/es\/wp-json\/wp\/v2\/product_cat?post=555"},{"taxonomy":"product_tag","embeddable":true,"href":"https:\/\/www.minuaplast.com\/es\/wp-json\/wp\/v2\/product_tag?post=555"}],"curies":[{"name":"wp","href":"https:\/\/api.w.org\/{rel}","templated":true}]}}