{"id":537,"date":"2024-11-18T20:46:45","date_gmt":"2024-11-18T17:46:45","guid":{"rendered":"https:\/\/www.minuaplast.com\/?page_id=537"},"modified":"2024-11-18T20:55:26","modified_gmt":"2024-11-18T17:55:26","slug":"cerez-politikasi","status":"publish","type":"page","link":"https:\/\/www.minuaplast.com\/es\/politica-de-perez\/","title":{"rendered":"Pol\u00edtica de cookies"},"content":{"rendered":"<div id=\"fws_69e0fcf28746e\"  data-column-margin=\"default\" data-midnight=\"dark\" data-top-percent=\"8%\" data-bottom-percent=\"10%\"  class=\"wpb_row vc_row-fluid vc_row full-width-section\"  style=\"padding-top: calc(100vw * 0.08); padding-bottom: calc(100vw * 0.10); \"><div class=\"row-bg-wrap\" data-bg-animation=\"none\" data-bg-animation-delay=\"\" data-bg-overlay=\"false\"><div class=\"inner-wrap row-bg-layer\" ><div class=\"row-bg viewport-desktop using-bg-color\"  style=\"background-color: #ffffff; \"><\/div><\/div><\/div><div class=\"row_col_wrap_12 col span_12 dark left\">\n\t<div  class=\"vc_col-sm-2 wpb_column column_container vc_column_container col no-extra-padding inherit_tablet inherit_phone\"  data-padding-pos=\"all\" data-has-bg-color=\"false\" data-bg-color=\"\" data-bg-opacity=\"1\" data-animation=\"\" data-delay=\"0\" >\n\t\t<div class=\"vc_column-inner\" >\n\t\t\t<div class=\"wpb_wrapper\">\n\t\t\t\t\n\t\t\t<\/div> \n\t\t<\/div>\n\t<\/div> \n\n\t<div  class=\"vc_col-sm-8 wpb_column column_container vc_column_container col centered-text no-extra-padding inherit_tablet inherit_phone\"  data-padding-pos=\"all\" data-has-bg-color=\"false\" data-bg-color=\"\" data-bg-opacity=\"1\" data-animation=\"\" data-delay=\"0\" >\n\t\t<div class=\"vc_column-inner\" >\n\t\t\t<div class=\"wpb_wrapper\">\n\t\t\t\t<div id=\"fws_69e0fcf2876cc\" data-midnight=\"\" data-column-margin=\"default\" class=\"wpb_row vc_row-fluid vc_row inner_row\"  style=\"\"><div class=\"row-bg-wrap\"> <div class=\"row-bg\" ><\/div> <\/div><div class=\"row_col_wrap_12_inner col span_12  left\">\n\t<div  class=\"vc_col-sm-12 wpb_column column_container vc_column_container col child_column no-extra-padding inherit_tablet inherit_phone\"   data-padding-pos=\"all\" data-has-bg-color=\"false\" data-bg-color=\"\" data-bg-opacity=\"1\" data-animation=\"\" data-delay=\"0\" >\n\t\t<div class=\"vc_column-inner\" >\n\t\t<div class=\"wpb_wrapper\">\n\t\t\t<div class=\"nectar-gradient-text\" data-direction=\"horizontal\" data-color=\"extra-color-gradient-2\" style=\"\"><h5>Nos importa su intimidad<\/h5><\/div>\n\t\t<\/div> \n\t<\/div>\n\t<\/div> \n<\/div><\/div><div id=\"fws_69e0fcf2878b6\" data-midnight=\"\" data-column-margin=\"default\" class=\"wpb_row vc_row-fluid vc_row inner_row\"  style=\"\"><div class=\"row-bg-wrap\"> <div class=\"row-bg\" ><\/div> <\/div><div class=\"row_col_wrap_12_inner col span_12  left\">\n\t<div  class=\"vc_col-sm-12 wpb_column column_container vc_column_container col child_column no-extra-padding inherit_tablet inherit_phone\"   data-padding-pos=\"all\" data-has-bg-color=\"false\" data-bg-color=\"\" data-bg-opacity=\"1\" data-animation=\"\" data-delay=\"0\" >\n\t\t<div class=\"vc_column-inner\" >\n\t\t<div class=\"wpb_wrapper\">\n\t\t\t\n<div class=\"wpb_text_column wpb_content_element  vc_custom_1731952064772\" >\n\t<div class=\"wpb_wrapper\">\n\t\t<h2>\"Una pol\u00edtica de cookies es un documento que explica c\u00f3mo un sitio web utiliza las cookies, qu\u00e9 tipos de cookies se recopilan, c\u00f3mo se almacena esta informaci\u00f3n y c\u00f3mo los usuarios pueden gestionar sus preferencias de cookies.\"<\/h2>\n\t<\/div>\n<\/div>\n\n\n\n\n\t\t<\/div> \n\t<\/div>\n\t<\/div> \n<\/div><\/div>\n\t\t\t<\/div> \n\t\t<\/div>\n\t<\/div> \n\n\t<div  class=\"vc_col-sm-2 wpb_column column_container vc_column_container col no-extra-padding inherit_tablet inherit_phone\"  data-padding-pos=\"all\" data-has-bg-color=\"false\" data-bg-color=\"\" data-bg-opacity=\"1\" data-animation=\"\" data-delay=\"0\" >\n\t\t<div class=\"vc_column-inner\" >\n\t\t\t<div class=\"wpb_wrapper\">\n\t\t\t\t\n\t\t\t<\/div> \n\t\t<\/div>\n\t<\/div> \n<\/div><\/div>\n\t\t<div id=\"fws_69e0fcf287b22\"  data-column-margin=\"default\" data-midnight=\"dark\" data-top-percent=\"12%\" data-bottom-percent=\"5%\"  class=\"wpb_row vc_row-fluid vc_row full-width-content vc_row-o-equal-height vc_row-flex vc_row-o-content-middle  right_padding_27vw left_padding_27vw bottom_padding_tablet_12pct right_padding_tablet_20vw right_padding_phone_7vw left_padding_tablet_20vw left_padding_phone_7vw\"  style=\"padding-top: calc(100vw * 0.12); padding-bottom: calc(100vw * 0.05); \"><div class=\"row-bg-wrap\" data-bg-animation=\"none\" data-bg-animation-delay=\"\" data-bg-overlay=\"false\"><div class=\"inner-wrap row-bg-layer\" ><div class=\"row-bg viewport-desktop\"  style=\"\"><\/div><\/div><\/div><div class=\"row_col_wrap_12 col span_12 dark left\">\n\t<div  class=\"vc_col-sm-12 wpb_column column_container vc_column_container col column_position_static el_spacing_0px\"  data-overlay-color=\"true\" data-padding-pos=\"all\" data-has-bg-color=\"false\" data-bg-color=\"\" data-bg-opacity=\"1\" data-animation=\"\" data-delay=\"0\" >\n\t\t<div class=\"vc_column-inner\" ><div class=\"column-bg-overlay-wrap column-bg-layer\" data-bg-animation=\"none\"><div class=\"column-bg-overlay\"><\/div><div class=\"column-overlay-layer\" style=\"\"><\/div><\/div>\n\t\t\t<div class=\"wpb_wrapper\">\n\t\t\t\t<div id=\"fws_69e0fcf287cca\" data-midnight=\"\" data-column-margin=\"default\" class=\"wpb_row vc_row-fluid vc_row inner_row\"  style=\"padding-bottom: 7%; \"><div class=\"row-bg-wrap\"> <div class=\"row-bg\" ><\/div> <\/div><div class=\"row_col_wrap_12_inner col span_12  left\">\n\t<div  class=\"vc_col-sm-12 wpb_column column_container vc_column_container col child_column has-animation no-extra-padding el_spacing_0px inherit_tablet inherit_phone\"   data-padding-pos=\"all\" data-has-bg-color=\"false\" data-bg-color=\"\" data-bg-opacity=\"1\" data-animation=\"fade-in\" data-delay=\"0\" data-animation-offset=\"90%\" >\n\t\t<div class=\"vc_column-inner\" >\n\t\t<div class=\"wpb_wrapper\">\n\t\t\t<div class=\"nectar-animated-shape width_desktop_15vw position_desktop_absolute top_position_desktop_0px left_position_desktop_0px translate_y_desktop_-30pct translate_x_desktop_-50pct z_index_-1\"><div class=\"nectar-animated-shape__inner_wrap\" data-easing=\"default\" data-animation=\"none\"><div class=\"nectar-animated-shape__inner nectar-el-parallax-scroll\"data-scroll-animation=\"true\" data-scroll-animation-movement=\"transform_y\" data-scroll-animation-mobile=\"true\" data-scroll-animation-intensity=\"0.6\" ><svg xmlns=\"http:\/\/www.w3.org\/2000\/svg\" viewbox=\"0 0 100 100\" width=\"100\" height=\"100\" preserveaspectratio=\"xMidYMid meet\" style=\"width: 100%; height: 100%; overflow: hidden;\"><circle cx=\"50\" cy=\"50\" r=\"50\" fill=\"#ffffff\" \/><\/svg><\/div><\/div><\/div><div class=\"nectar-highlighted-text font_size_3vw font_size_tablet_4vw font_size_phone_5vw font_line_height_1-4\" data-style=\"scribble\" data-exp=\"default\" data-id=\"circle-highlight2\" data-using-custom-color=\"false\" data-animation-delay=\"false\" data-color=\"\" data-color-gradient=\"\" style=\"\"><h2><em>Pol\u00edtica de cookies<svg class=\"nectar-scribble squiggle-underline\" role=\"presentation\" viewbox=\"-347 -30.1947 694 96.19\" preserveaspectratio=\"none\"><path style=\"animation-duration: 1.8s;\" d=\"M-335,54 C-335,54 -171,-58 -194,-3 C-217,52 -224.1199951171875,73.552001953125 -127,11 C-68,-27 -137,50 -33,42 C31.43899917602539,37.042999267578125 147.14700317382812,-29.308000564575195 335,2\" stroke=\"#318fff\" pathlength=\"1\" stroke-width=\"20\" fill=\"none\"\/><\/svg><\/em><\/h2>\n<\/div>\n\t\t<\/div> \n\t<\/div>\n\t<\/div> \n<\/div><\/div><div id=\"fws_69e0fcf287ffd\" data-midnight=\"\" data-column-margin=\"default\" class=\"wpb_row vc_row-fluid vc_row inner_row\"  style=\"\"><div class=\"row-bg-wrap\"> <div class=\"row-bg\" ><\/div> <\/div><div class=\"row_col_wrap_12_inner col span_12  left\">\n\t<div  class=\"vc_col-sm-12 wpb_column column_container vc_column_container col child_column no-extra-padding inherit_tablet inherit_phone\"   data-padding-pos=\"all\" data-has-bg-color=\"false\" data-bg-color=\"\" data-bg-opacity=\"1\" data-animation=\"\" data-delay=\"0\" >\n\t\t<div class=\"vc_column-inner\" >\n\t\t<div class=\"wpb_wrapper\">\n\t\t\t\n<div class=\"wpb_text_column wpb_content_element\" >\n\t<div class=\"wpb_wrapper\">\n\t\t<p><strong>www.minuaplast.com<\/strong> utilizamos cookies para mejorar tu experiencia de usuario y prestar mejor nuestros servicios. Esta pol\u00edtica de cookies explica qu\u00e9 tipos de cookies utilizamos, c\u00f3mo almacenamos esta informaci\u00f3n y c\u00f3mo los usuarios pueden gestionar su configuraci\u00f3n de cookies.<\/p>\n<h3>1. \u00bfQu\u00e9 es una galleta?<\/h3>\n<p>Las cookies son peque\u00f1os archivos de texto que se guardan en su dispositivo cuando visita un sitio web. Las cookies se utilizan para recordar las preferencias del usuario, mejorar el rendimiento del sitio y analizar su comportamiento.<\/p>\n<h3>2. Tipos de cookies utilizadas<\/h3>\n<ul>\n<li><strong>Cookies obligatorias:<\/strong> Estas cookies son esenciales para que el sitio web cumpla sus funciones b\u00e1sicas. Sin estas cookies, el sitio web no puede funcionar correctamente.<\/li>\n<li><strong>Cookies de rendimiento:<\/strong> Se utiliza para mejorar el rendimiento y la funcionalidad del sitio.<\/li>\n<li><strong>Cookies anal\u00edticas:<\/strong> Nos ayuda a optimizar el sitio analizando el comportamiento de los visitantes.<\/li>\n<li><strong>Cookies de publicidad y marketing:<\/strong> Se utiliza para ofrecer anuncios adaptados a sus intereses.<\/li>\n<\/ul>\n<h3>3. Gesti\u00f3n de cookies<\/h3>\n<p>Puede aceptar o rechazar el uso de cookies mediante la configuraci\u00f3n de su navegador. Puede consultar la secci\u00f3n de ayuda de su navegador para cambiar la configuraci\u00f3n de las cookies. Si desactiva las cookies, es posible que algunas funciones de nuestro sitio web no funcionen correctamente.<\/p>\n<h3>4. Almacenamiento de datos de cookies<\/h3>\n<p>Los datos recogidos a trav\u00e9s de cookies se almacenan de forma segura de acuerdo con los requisitos legales. Sus datos solo se compartir\u00e1n con terceros cuando sea necesario y con su consentimiento expl\u00edcito.<\/p>\n<h3>5. Comunicaci\u00f3n<\/h3>\n<p>Si tiene alguna pregunta sobre nuestra pol\u00edtica de cookies, puede ponerse en contacto con nosotros:<\/p>\n<ul>\n<li><strong>Correo electr\u00f3nico:<\/strong> [info@minuaplast.com]<\/li>\n<li><strong>Tel\u00e9fono:<\/strong> [<span class=\"inner\">+90<\/span>\u00a0<span class=\"inner\">534<\/span>\u00a0<span class=\"inner\">246<\/span>\u00a0<span class=\"inner\">52<\/span>\u00a0<span class=\"inner\">13]<\/span><\/li>\n<li><strong>Direcci\u00f3n:<\/strong> [Saltukgazi, Hastane Caddesi No: 16, Malazgirt\/Mu\u015f, Turqu\u00eda].<\/li>\n<\/ul>\n<h3>6. Actualizaciones<\/h3>\n<p>Esta pol\u00edtica de cookies puede ser actualizada de vez en cuando. Las actualizaciones entrar\u00e1n en vigor cuando se publiquen en nuestro sitio web.<\/p>\n<p><em>Fecha de la \u00faltima actualizaci\u00f3n:<\/em> [18.11.2024]<\/p>\n\t<\/div>\n<\/div>\n\n\n\n\n\t\t<\/div> \n\t<\/div>\n\t<\/div> \n<\/div><\/div>\n\t\t\t<\/div> \n\t\t<\/div>\n\t<\/div> \n<\/div><\/div>\n\t\t<div id=\"fws_69e0fcf288284\"  data-column-margin=\"default\" data-midnight=\"light\"  class=\"wpb_row vc_row-fluid vc_row full-width-section vc_row-o-equal-height vc_row-flex vc_row-o-content-middle\"  style=\"padding-top: 60px; padding-bottom: 60px; \"><div class=\"row-bg-wrap\" data-bg-animation=\"none\" data-bg-animation-delay=\"\" data-bg-overlay=\"false\"><div class=\"inner-wrap row-bg-layer\" ><div class=\"row-bg viewport-desktop using-bg-color\"  style=\"background-color: #333333; \"><\/div><\/div><\/div><div class=\"row_col_wrap_12 col span_12 light left\">\n\t<div  class=\"vc_col-sm-3 wpb_column column_container vc_column_container col no-extra-padding force-tablet-text-align-center force-phone-text-align-center inherit_tablet inherit_phone\"  data-padding-pos=\"all\" data-has-bg-color=\"false\" data-bg-color=\"\" data-bg-opacity=\"1\" data-animation=\"\" data-delay=\"0\" >\n\t\t<div class=\"vc_column-inner\" >\n\t\t\t<div class=\"wpb_wrapper\">\n\t\t\t\t<h5 style=\"text-align: left;font-family:Roboto Condensed;font-weight:700;font-style:normal\" class=\"vc_custom_heading vc_do_custom_heading\" >Informaci\u00f3n jur\u00eddica<\/h5>\n\t\t\t<\/div> \n\t\t<\/div>\n\t<\/div> \n\n\t<div  class=\"vc_col-sm-6 wpb_column column_container vc_column_container col no-extra-padding force-tablet-text-align-center force-phone-text-align-center inherit_tablet inherit_phone\"  data-padding-pos=\"all\" data-has-bg-color=\"false\" data-bg-color=\"\" data-bg-opacity=\"1\" data-animation=\"\" data-delay=\"0\" >\n\t\t<div class=\"vc_column-inner\" >\n\t\t\t<div class=\"wpb_wrapper\">\n\t\t\t\t<h5 style=\"text-align: center;font-family:Roboto Condensed;font-weight:700;font-style:normal\" class=\"vc_custom_heading vc_do_custom_heading\" >Puede hacer clic en el bot\u00f3n para acceder a otra informaci\u00f3n jur\u00eddica.<\/h5>\n\t\t\t<\/div> \n\t\t<\/div>\n\t<\/div> \n\n\t<div  class=\"vc_col-sm-3 wpb_column column_container vc_column_container col no-extra-padding force-tablet-text-align-center force-phone-text-align-center inherit_tablet inherit_phone\"  data-padding-pos=\"all\" data-has-bg-color=\"false\" data-bg-color=\"\" data-bg-opacity=\"1\" data-animation=\"\" data-delay=\"0\" >\n\t\t<div class=\"vc_column-inner\" >\n\t\t\t<div class=\"wpb_wrapper\">\n\t\t\t\t<div id=\"fws_69e0fcf28869c\" data-midnight=\"\" data-column-margin=\"default\" class=\"wpb_row vc_row-fluid vc_row inner_row\"  style=\"\"><div class=\"row-bg-wrap\"> <div class=\"row-bg\" ><\/div> <\/div><div class=\"row_col_wrap_12_inner col span_12  right\">\n\t<div  class=\"vc_col-sm-12 wpb_column column_container vc_column_container col child_column no-extra-padding inherit_tablet inherit_phone\"   data-padding-pos=\"all\" data-has-bg-color=\"false\" data-bg-color=\"\" data-bg-opacity=\"1\" data-animation=\"\" data-delay=\"0\" >\n\t\t<div class=\"vc_column-inner\" >\n\t\t<div class=\"wpb_wrapper\">\n\t\t\t<div class=\"divider-wrap\" data-alignment=\"default\"><div style=\"height: 10px;\" class=\"divider\"><\/div><\/div><a class=\"nectar-button jumbo see-through accent-color\"  role=\"button\" style=\"\"  href=\"https:\/\/www.minuaplast.com\/es\/informacion-legal\/\" data-color-override=\"false\" data-hover-color-override=\"false\" data-hover-text-color-override=\"#fff\"><span>Descubra<\/span><\/a>\n\t\t<\/div> \n\t<\/div>\n\t<\/div> \n<\/div><\/div>\n\t\t\t<\/div> \n\t\t<\/div>\n\t<\/div> \n<\/div><\/div>","protected":false},"excerpt":{"rendered":"Nos importa su privacidad \"Una pol\u00edtica de cookies es un documento que explica c\u00f3mo un sitio web utiliza las cookies, qu\u00e9 tipos de cookies se recopilan, c\u00f3mo se almacena esta informaci\u00f3n y c\u00f3mo los usuarios pueden gestionar sus preferencias de cookies.\" Pol\u00edtica de cookies www.minuaplast.com...","protected":false},"author":1,"featured_media":0,"parent":0,"menu_order":0,"comment_status":"closed","ping_status":"closed","template":"","meta":{"footnotes":""},"class_list":["post-537","page","type-page","status-publish"],"jetpack_sharing_enabled":true,"_links":{"self":[{"href":"https:\/\/www.minuaplast.com\/es\/wp-json\/wp\/v2\/pages\/537","targetHints":{"allow":["GET"]}}],"collection":[{"href":"https:\/\/www.minuaplast.com\/es\/wp-json\/wp\/v2\/pages"}],"about":[{"href":"https:\/\/www.minuaplast.com\/es\/wp-json\/wp\/v2\/types\/page"}],"author":[{"embeddable":true,"href":"https:\/\/www.minuaplast.com\/es\/wp-json\/wp\/v2\/users\/1"}],"replies":[{"embeddable":true,"href":"https:\/\/www.minuaplast.com\/es\/wp-json\/wp\/v2\/comments?post=537"}],"version-history":[{"count":4,"href":"https:\/\/www.minuaplast.com\/es\/wp-json\/wp\/v2\/pages\/537\/revisions"}],"predecessor-version":[{"id":541,"href":"https:\/\/www.minuaplast.com\/es\/wp-json\/wp\/v2\/pages\/537\/revisions\/541"}],"wp:attachment":[{"href":"https:\/\/www.minuaplast.com\/es\/wp-json\/wp\/v2\/media?parent=537"}],"curies":[{"name":"wp","href":"https:\/\/api.w.org\/{rel}","templated":true}]}}