{"id":294,"date":"2024-11-12T18:25:35","date_gmt":"2024-11-12T18:25:35","guid":{"rendered":"https:\/\/minuaplast.com\/?page_id=294"},"modified":"2024-11-17T01:25:15","modified_gmt":"2024-11-16T22:25:15","slug":"kurumsal-bilgiler","status":"publish","type":"page","link":"https:\/\/www.minuaplast.com\/es\/informacion-corporativa\/","title":{"rendered":"Informaci\u00f3n corporativa"},"content":{"rendered":"<div id=\"intro\"  data-column-margin=\"default\" data-midnight=\"light\" data-top-percent=\"10%\" data-bottom-percent=\"4%\"  class=\"wpb_row vc_row-fluid vc_row full-width-section\"  style=\"padding-top: calc(100vw * 0.10); padding-bottom: calc(100vw * 0.04); \"><div class=\"row-bg-wrap\" data-bg-animation=\"none\" data-bg-animation-delay=\"\" data-bg-overlay=\"true\"><div class=\"inner-wrap row-bg-layer\" ><div class=\"row-bg viewport-desktop using-bg-color\"  style=\"background-color: #cbcbc3; \"><\/div><\/div><div class=\"row-bg-overlay row-bg-layer\" style=\"background-color:#000000;  opacity: 0.5; \"><\/div><\/div>\n\t\t\t<div class=\"video-color-overlay row-bg-layer\" data-color=\"\"><\/div>\n\t\t\t\n\t\t\t<div class=\"nectar-video-wrap row-bg-layer\" data-bg-alignment=\"\">\n\t\t\t\t<div class=\"nectar-video-inner\">\n\t\t\t\t<video class=\"nectar-video-bg\" width=\"1800\" height=\"700\" preload=\"auto\" loop autoplay muted playsinline><source src=\"https:\/\/www.minuaplast.com\/wp-content\/uploads\/2024\/11\/kurumsal-bilgiler-processed.mp4\"  type=\"video\/mp4\"><\/video>    \t\t<\/div>\n\t\t\t <\/div>\n\n\t\t\t<div class=\"row_col_wrap_12 col span_12 light left\">\n\t<div  class=\"vc_col-sm-6 wpb_column column_container vc_column_container col no-extra-padding inherit_tablet inherit_phone\"  data-padding-pos=\"all\" data-has-bg-color=\"false\" data-bg-color=\"\" data-bg-opacity=\"1\" data-animation=\"\" data-delay=\"0\" >\n\t\t<div class=\"vc_column-inner\" >\n\t\t\t<div class=\"wpb_wrapper\">\n\t\t\t\t<div class=\"nectar-split-heading\" data-align=\"default\" data-m-align=\"inherit\" data-text-effect=\"default\" data-animation-type=\"line-reveal-by-space\" data-animation-delay=\"0\" data-animation-offset=\"\" data-m-rm-animation=\"\" data-stagger=\"\" data-custom-font-size=\"false\" ><h1 >Tanto si se trata de sistemas de riego por aspersi\u00f3n como de accesorios especiales, tenemos la soluci\u00f3n para sus necesidades.<\/h1><\/div><div id=\"fws_69e0fcc2cff89\" data-midnight=\"\" data-column-margin=\"default\" class=\"wpb_row vc_row-fluid vc_row inner_row\"  style=\"\"><div class=\"row-bg-wrap\"> <div class=\"row-bg\" ><\/div> <\/div><div class=\"row_col_wrap_12_inner col span_12  left\">\n\t<div  class=\"vc_col-sm-12 wpb_column column_container vc_column_container col child_column has-animation no-extra-padding inherit_tablet inherit_phone\"   data-padding-pos=\"all\" data-has-bg-color=\"false\" data-bg-color=\"\" data-bg-opacity=\"1\" data-animation=\"fade-in-from-bottom\" data-delay=\"0\" >\n\t\t<div class=\"vc_column-inner\" >\n\t\t<div class=\"wpb_wrapper\">\n\t\t\t\n<div class=\"wpb_text_column wpb_content_element\" >\n\t<div class=\"wpb_wrapper\">\n\t\t<p>Tanto si busca soluciones duraderas para sistemas de riego agr\u00edcola como si desea dise\u00f1ar elementos de fijaci\u00f3n especiales y sistemas de aspersi\u00f3n, Minuaplast le ofrece soluciones profesionales para todas sus necesidades. Con nuestros muchos a\u00f1os de experiencia y nuestro enfoque innovador, estamos aqu\u00ed para satisfacer todas sus necesidades de riego y fijaci\u00f3n en el sector. Con nuestros productos que aumentan la productividad y apoyan la agricultura sostenible, hacemos que sus sistemas de riego sean m\u00e1s eficaces y fiables.<\/p>\n\t<\/div>\n<\/div>\n\n\n\n<div class=\"nectar-next-section-wrap mouse-wheel alignment_tablet_default alignment_phone_default display_tablet_inherit display_phone_inherit\"  data-align=\"center\" data-custom-color=\"false\"><a href=\"#\"  class=\"nectar-next-section skip-hash\"><span class=\"screen-reader-text\">Navegar a la siguiente secci\u00f3n<\/span><svg class=\"nectar-scroll-icon\" viewbox=\"0 0 30 45\" enable-background=\"new 0 0 30 45\">\n          <path class=\"nectar-scroll-icon-path\" fill=\"none\" stroke=\"#ffffff\" stroke-width=\"2\" stroke-miterlimit=\"10\" d=\"M15,1.118c12.352,0,13.967,12.88,13.967,12.88v18.76  c0,0-1.514,11.204-13.967,11.204S0.931,32.966,0.931,32.966V14.05C0.931,14.05,2.648,1.118,15,1.118z\"><\/path>\n        <\/svg><span class=\"track-ball\" ><\/span><\/a><\/div>\n\t\t<\/div> \n\t<\/div>\n\t<\/div> \n<\/div><\/div>\n\t\t\t<\/div> \n\t\t<\/div>\n\t<\/div> \n<\/div><\/div>\n\t\t<div id=\"services\"  data-column-margin=\"default\" data-midnight=\"dark\" data-top-percent=\"7%\" data-bottom-percent=\"7%\"  class=\"wpb_row vc_row-fluid vc_row full-width-section\"  style=\"padding-top: calc(100vw * 0.07); padding-bottom: calc(100vw * 0.07); \"><div class=\"row-bg-wrap\" data-bg-animation=\"none\" data-bg-animation-delay=\"\" data-bg-overlay=\"true\"><div class=\"inner-wrap row-bg-layer\" ><div class=\"row-bg viewport-desktop using-bg-color\"  style=\"background-color: #151519; \"><\/div><\/div><div class=\"row-bg-overlay row-bg-layer\" style=\"background: #232323; background: linear-gradient(135deg,#232323 0%,#191919 100%);  opacity: 1; \"><\/div><\/div><div class=\"row_col_wrap_12 col span_12 dark left\">\n\t<div  class=\"vc_col-sm-4 wpb_column column_container vc_column_container col has-animation padding-1-percent inherit_tablet inherit_phone\"  data-padding-pos=\"all\" data-has-bg-color=\"false\" data-bg-color=\"\" data-bg-opacity=\"1\" data-animation=\"reveal-from-bottom\" data-delay=\"0\" >\n\t\t<div class=\"vc_column-inner\" >\n\t\t\t<div class=\"wpb_wrapper\">\n\t\t\t\t<div class=\"nectar-fancy-box using-img\" data-style=\"default\" data-animation=\"\" data-hover-o=\"default\" data-border-radius=\"default\" data-border=\"\" data-box-color-opacity=\"1\" data-delay=\"\" data-alignment=\"left\" data-color=\"accent-color\" ><div class=\"box-bg\" ><\/div> <div class=\"inner\" style=\"min-height: 400px\">\n<h3>Qui\u00e9nes somos<\/h3>\n<p>Minuaplast, con a\u00f1os de experiencia, a\u00f1ade valor al sector en la producci\u00f3n de sistemas de riego y elementos de fijaci\u00f3n de alta calidad. Estamos con usted en cada proyecto con soluciones sostenibles y productos fiables.<\/div> <div class=\"link-text\">Ver la p\u00e1gina<span class=\"arrow\"><\/span><\/div> <a  href=\"https:\/\/www.minuaplast.com\/es\/sobre-nosotros\/\" class=\"box-link\"><\/a> <\/div>\n\t\t\t<\/div> \n\t\t<\/div>\n\t<\/div> \n\n\t<div  class=\"vc_col-sm-4 wpb_column column_container vc_column_container col has-animation padding-1-percent inherit_tablet inherit_phone\"  data-padding-pos=\"all\" data-has-bg-color=\"false\" data-bg-color=\"\" data-bg-opacity=\"1\" data-animation=\"reveal-from-bottom\" data-delay=\"200\" >\n\t\t<div class=\"vc_column-inner\" >\n\t\t\t<div class=\"wpb_wrapper\">\n\t\t\t\t<div class=\"nectar-fancy-box using-img\" data-style=\"default\" data-animation=\"\" data-hover-o=\"default\" data-border-radius=\"default\" data-border=\"\" data-box-color-opacity=\"1\" data-delay=\"\" data-alignment=\"left\" data-color=\"accent-color\" ><div class=\"box-bg\" ><\/div> <div class=\"inner\" style=\"min-height: 400px\">\n<h3>Nuestra visi\u00f3n y misi\u00f3n<\/h3>\n<p>El objetivo de Minuaplast es contribuir a la agricultura con sistemas de riego sostenibles y eficientes. Damos forma al futuro con nuestro enfoque orientado a la calidad, la innovaci\u00f3n y la satisfacci\u00f3n del cliente.<\/div> <div class=\"link-text\">Ver la p\u00e1gina<span class=\"arrow\"><\/span><\/div> <a  href=\"https:\/\/www.minuaplast.com\/es\/vision-mision\/\" class=\"box-link\"><\/a> <\/div>\n\t\t\t<\/div> \n\t\t<\/div>\n\t<\/div> \n\n\t<div  class=\"vc_col-sm-4 wpb_column column_container vc_column_container col has-animation padding-1-percent inherit_tablet inherit_phone\"  data-padding-pos=\"all\" data-has-bg-color=\"false\" data-bg-color=\"\" data-bg-opacity=\"1\" data-animation=\"reveal-from-bottom\" data-delay=\"400\" >\n\t\t<div class=\"vc_column-inner\" >\n\t\t\t<div class=\"wpb_wrapper\">\n\t\t\t\t<div class=\"nectar-fancy-box using-img\" data-style=\"default\" data-animation=\"\" data-hover-o=\"default\" data-border-radius=\"default\" data-border=\"\" data-box-color-opacity=\"1\" data-delay=\"\" data-alignment=\"left\" data-color=\"accent-color\" ><div class=\"box-bg\" ><\/div> <div class=\"inner\" style=\"min-height: 400px\">\n<h3>Documentos corporativos<\/h3>\n<p>\u00a1Reforzamos su confianza con nuestros documentos corporativos! Como Minuaplast, damos prioridad a la transparencia y la calidad en todos nuestros documentos.<\/div> <div class=\"link-text\">Ver la p\u00e1gina<span class=\"arrow\"><\/span><\/div> <a  href=\"https:\/\/www.minuaplast.com\/es\/documentos-corporativos\/\" class=\"box-link\"><\/a> <\/div>\n\t\t\t<\/div> \n\t\t<\/div>\n\t<\/div> \n<\/div><\/div>","protected":false},"excerpt":{"rendered":"Tanto si se trata de sistemas de riego por aspersi\u00f3n como de elementos de fijaci\u00f3n especiales, tenemos la soluci\u00f3n para sus necesidades. Tanto si busca soluciones duraderas para sistemas de riego agr\u00edcola como si est\u00e1 dise\u00f1ando fijaciones especiales y sistemas de aspersi\u00f3n - Minuaplast...","protected":false},"author":1,"featured_media":0,"parent":0,"menu_order":0,"comment_status":"closed","ping_status":"closed","template":"","meta":{"footnotes":""},"class_list":["post-294","page","type-page","status-publish"],"jetpack_sharing_enabled":true,"_links":{"self":[{"href":"https:\/\/www.minuaplast.com\/es\/wp-json\/wp\/v2\/pages\/294","targetHints":{"allow":["GET"]}}],"collection":[{"href":"https:\/\/www.minuaplast.com\/es\/wp-json\/wp\/v2\/pages"}],"about":[{"href":"https:\/\/www.minuaplast.com\/es\/wp-json\/wp\/v2\/types\/page"}],"author":[{"embeddable":true,"href":"https:\/\/www.minuaplast.com\/es\/wp-json\/wp\/v2\/users\/1"}],"replies":[{"embeddable":true,"href":"https:\/\/www.minuaplast.com\/es\/wp-json\/wp\/v2\/comments?post=294"}],"version-history":[{"count":6,"href":"https:\/\/www.minuaplast.com\/es\/wp-json\/wp\/v2\/pages\/294\/revisions"}],"predecessor-version":[{"id":411,"href":"https:\/\/www.minuaplast.com\/es\/wp-json\/wp\/v2\/pages\/294\/revisions\/411"}],"wp:attachment":[{"href":"https:\/\/www.minuaplast.com\/es\/wp-json\/wp\/v2\/media?parent=294"}],"curies":[{"name":"wp","href":"https:\/\/api.w.org\/{rel}","templated":true}]}}