{"id":593,"date":"2024-12-22T20:15:19","date_gmt":"2024-12-22T17:15:19","guid":{"rendered":"https:\/\/www.minuaplast.com\/?post_type=product&#038;p=593"},"modified":"2025-02-10T19:17:58","modified_gmt":"2025-02-10T16:17:58","slug":"pe-100-hdpe-altyapi-borulari","status":"publish","type":"product","link":"https:\/\/www.minuaplast.com\/de\/unsere-produkte\/pe-100-hdpe-infrastrukturrohre\/","title":{"rendered":"PE-100 (HDPE) Infrastruktur-Rohre"},"content":{"rendered":"<p>Das Rohmaterial Polyethylen hoher Dichte (HDPE) geh\u00f6rt zu den am h\u00e4ufigsten in Infrastruktursystemen verwendeten Rohroptionen. <strong>PE-100-Rohre<\/strong> zeichnet sich aus. Die glatte Innenstruktur dieser Rohre erleichtert den Durchfluss von Fl\u00fcssigkeiten, w\u00e4hrend die harte und robuste Au\u00dfenfl\u00e4che einen hervorragenden Schutz gegen \u00e4u\u00dfere Einfl\u00fcsse und Umweltbedingungen bietet. Auch, <strong>korrosionsbest\u00e4ndig<\/strong> Dank seiner Struktur minimiert es den Wartungs- und Reparaturbedarf und bietet eine lange Lebensdauer.<\/p>\n<p>Eine der wichtigsten Eigenschaften von HDPE-Rohren, <strong>Widerstand gegen Sedimentbildung<\/strong> ist, dass es sich zeigt. Insbesondere <strong>Salzwasser<\/strong> und <strong>in Abw\u00e4ssern<\/strong> Es bietet einen zuverl\u00e4ssigen Einsatz in Infrastruktursystemen, da es durch eventuell vorhandene Chemikalien nicht beeintr\u00e4chtigt wird. Diese Haltbarkeit macht diese Rohre <strong>Bergbau, Entw\u00e4sserung, Gassammelleitungen, Telekommunikationsverkabelung<\/strong> Das macht sie zu vielseitigen Produkten, die auch in verschiedenen Sektoren bevorzugt werden. Nochmals <strong>Wassernetze<\/strong>, <strong>Festm\u00fclllagerung<\/strong> und <strong>Wasser\u00fcbertragung<\/strong> Anwendungen zeichnet es sich durch seine gesundheitlich unbedenklichen Eigenschaften aus.<\/p>\n<ul>\n<li><strong>Polyethylen (HDPE) korrodiert nicht, wird von Chemikalien nicht angegriffen und hat eine hohe Abriebfestigkeit<\/strong>Dadurch ist die Lebensdauer dieser Rohre im Vergleich zu vielen anderen Alternativen vorteilhaft. Minimum <strong>50 Jahre<\/strong> Die M\u00f6glichkeit einer langfristigen Nutzung ist ein entscheidender Faktor, der die Nachhaltigkeit von Projekten erh\u00f6ht.<\/li>\n<li>Dank der hohen Schwei\u00dfbarkeit des HDPE-Produkts k\u00f6nnen verschiedene <strong>Verbindungsmethoden<\/strong> ist es m\u00f6glich, flexible und projektspezifische L\u00f6sungen zu schaffen. <strong>Schwei\u00dfen auf der Stirn<\/strong>, <strong>Heizwendelschwei\u00dfen<\/strong>, <strong>Steckdose<\/strong> und <strong>Extrusionsschwei\u00dfen<\/strong> Methoden bieten praktische Anwendungsm\u00f6glichkeiten, die den unterschiedlichen Anforderungen eines jeden Projekts gerecht werden.<\/li>\n<li><strong>PE-100 (HDPE) Rohre<\/strong>k\u00f6nnen je nach Projekt in verschiedenen Druckklassen hergestellt werden. Dies erm\u00f6glicht Einsparungen bei den Rohstoffen und unterst\u00fctzt die Kosten- und Leistungsziele des Projekts.<\/li>\n<\/ul>\n<p>Diese vielseitigen und dauerhaften Eigenschaften, <strong>Infrastruktur<\/strong> und zeigt deutlich, warum HDPE-Rohre in industriellen Anwendungen bevorzugt werden. Diese Rohre, die dank ihrer einfachen Bef\u00f6rderung und Installation die Arbeitskosten senken, zeichnen sich auch durch ihre umwelt- und gesundheitsfreundliche Struktur aus. Ihre \u00fcberlegene Best\u00e4ndigkeit gegen chemische und mechanische Einfl\u00fcsse verl\u00e4ngert die Lebensdauer der Rohrleitungen und sorgt f\u00fcr einen langfristigen und sicheren Betrieb. <strong>Das Ergebnis: PE-100 (HDPE)-Rohre; Haltbarkeit, Flexibilit\u00e4t, hohe Leistung und Langlebigkeit<\/strong> Es ist eine unverzichtbare Option bei Infrastrukturprojekten mit seinen Eigenschaften wie.<\/p>\n<p><img data-recalc-dims=\"1\" loading=\"lazy\" decoding=\"async\" class=\"alignnone wp-image-603 size-full\" src=\"https:\/\/i0.wp.com\/www.minuaplast.com\/wp-content\/uploads\/2024\/12\/SDR41-PN4.png?resize=1080%2C432&#038;ssl=1\" alt=\"\" width=\"1080\" height=\"432\" srcset=\"https:\/\/i0.wp.com\/www.minuaplast.com\/wp-content\/uploads\/2024\/12\/SDR41-PN4.png?w=3000&amp;ssl=1 3000w, https:\/\/i0.wp.com\/www.minuaplast.com\/wp-content\/uploads\/2024\/12\/SDR41-PN4.png?resize=300%2C120&amp;ssl=1 300w, https:\/\/i0.wp.com\/www.minuaplast.com\/wp-content\/uploads\/2024\/12\/SDR41-PN4.png?resize=1024%2C410&amp;ssl=1 1024w, https:\/\/i0.wp.com\/www.minuaplast.com\/wp-content\/uploads\/2024\/12\/SDR41-PN4.png?resize=768%2C307&amp;ssl=1 768w, https:\/\/i0.wp.com\/www.minuaplast.com\/wp-content\/uploads\/2024\/12\/SDR41-PN4.png?resize=1536%2C614&amp;ssl=1 1536w, https:\/\/i0.wp.com\/www.minuaplast.com\/wp-content\/uploads\/2024\/12\/SDR41-PN4.png?resize=2048%2C819&amp;ssl=1 2048w, https:\/\/i0.wp.com\/www.minuaplast.com\/wp-content\/uploads\/2024\/12\/SDR41-PN4.png?resize=18%2C7&amp;ssl=1 18w, https:\/\/i0.wp.com\/www.minuaplast.com\/wp-content\/uploads\/2024\/12\/SDR41-PN4.png?resize=600%2C240&amp;ssl=1 600w, https:\/\/i0.wp.com\/www.minuaplast.com\/wp-content\/uploads\/2024\/12\/SDR41-PN4.png?w=2160&amp;ssl=1 2160w\" sizes=\"auto, (max-width: 1080px) 100vw, 1080px\" \/><\/p>","protected":false},"excerpt":{"rendered":"<p>Unter den am h\u00e4ufigsten verwendeten Rohren in Infrastruktursystemen stechen PE-100-Rohre aus Polyethylen hoher Dichte (HDPE) hervor. W\u00e4hrend die glatte Innenstruktur dieser Rohre den Durchgang von Fl\u00fcssigkeiten erleichtert, ist die harte und robuste Au\u00dfenstruktur...<\/p>","protected":false},"featured_media":595,"template":"","meta":[],"product_cat":[21],"product_tag":[],"class_list":{"0":"post-593","1":"product","2":"type-product","3":"status-publish","4":"has-post-thumbnail","6":"product_cat-pe-100-hdpe-altyapi-borulari","8":"first","9":"instock","10":"shipping-taxable","11":"product-type-simple"},"jetpack_sharing_enabled":true,"_links":{"self":[{"href":"https:\/\/www.minuaplast.com\/de\/wp-json\/wp\/v2\/product\/593","targetHints":{"allow":["GET"]}}],"collection":[{"href":"https:\/\/www.minuaplast.com\/de\/wp-json\/wp\/v2\/product"}],"about":[{"href":"https:\/\/www.minuaplast.com\/de\/wp-json\/wp\/v2\/types\/product"}],"wp:featuredmedia":[{"embeddable":true,"href":"https:\/\/www.minuaplast.com\/de\/wp-json\/wp\/v2\/media\/595"}],"wp:attachment":[{"href":"https:\/\/www.minuaplast.com\/de\/wp-json\/wp\/v2\/media?parent=593"}],"wp:term":[{"taxonomy":"product_cat","embeddable":true,"href":"https:\/\/www.minuaplast.com\/de\/wp-json\/wp\/v2\/product_cat?post=593"},{"taxonomy":"product_tag","embeddable":true,"href":"https:\/\/www.minuaplast.com\/de\/wp-json\/wp\/v2\/product_tag?post=593"}],"curies":[{"name":"wp","href":"https:\/\/api.w.org\/{rel}","templated":true}]}}