{"id":528,"date":"2024-11-18T20:32:38","date_gmt":"2024-11-18T17:32:38","guid":{"rendered":"https:\/\/www.minuaplast.com\/?page_id=528"},"modified":"2024-11-18T20:46:24","modified_gmt":"2024-11-18T17:46:24","slug":"gizlilik-politikasi","status":"publish","type":"page","link":"https:\/\/www.minuaplast.com\/de\/datenschutzbestimmungen\/","title":{"rendered":"Datenschutzbestimmungen"},"content":{"rendered":"<div id=\"fws_69e0fca1d78d9\"  data-column-margin=\"default\" data-midnight=\"dark\" data-top-percent=\"8%\" data-bottom-percent=\"10%\"  class=\"wpb_row vc_row-fluid vc_row full-width-section\"  style=\"padding-top: calc(100vw * 0.08); padding-bottom: calc(100vw * 0.10); \"><div class=\"row-bg-wrap\" data-bg-animation=\"none\" data-bg-animation-delay=\"\" data-bg-overlay=\"false\"><div class=\"inner-wrap row-bg-layer\" ><div class=\"row-bg viewport-desktop using-bg-color\"  style=\"background-color: #ffffff; \"><\/div><\/div><\/div><div class=\"row_col_wrap_12 col span_12 dark left\">\n\t<div  class=\"vc_col-sm-2 wpb_column column_container vc_column_container col no-extra-padding inherit_tablet inherit_phone\"  data-padding-pos=\"all\" data-has-bg-color=\"false\" data-bg-color=\"\" data-bg-opacity=\"1\" data-animation=\"\" data-delay=\"0\" >\n\t\t<div class=\"vc_column-inner\" >\n\t\t\t<div class=\"wpb_wrapper\">\n\t\t\t\t\n\t\t\t<\/div> \n\t\t<\/div>\n\t<\/div> \n\n\t<div  class=\"vc_col-sm-8 wpb_column column_container vc_column_container col centered-text no-extra-padding inherit_tablet inherit_phone\"  data-padding-pos=\"all\" data-has-bg-color=\"false\" data-bg-color=\"\" data-bg-opacity=\"1\" data-animation=\"\" data-delay=\"0\" >\n\t\t<div class=\"vc_column-inner\" >\n\t\t\t<div class=\"wpb_wrapper\">\n\t\t\t\t<div id=\"fws_69e0fca1d7b06\" data-midnight=\"\" data-column-margin=\"default\" class=\"wpb_row vc_row-fluid vc_row inner_row\"  style=\"\"><div class=\"row-bg-wrap\"> <div class=\"row-bg\" ><\/div> <\/div><div class=\"row_col_wrap_12_inner col span_12  left\">\n\t<div  class=\"vc_col-sm-12 wpb_column column_container vc_column_container col child_column no-extra-padding inherit_tablet inherit_phone\"   data-padding-pos=\"all\" data-has-bg-color=\"false\" data-bg-color=\"\" data-bg-opacity=\"1\" data-animation=\"\" data-delay=\"0\" >\n\t\t<div class=\"vc_column-inner\" >\n\t\t<div class=\"wpb_wrapper\">\n\t\t\t<div class=\"nectar-gradient-text\" data-direction=\"horizontal\" data-color=\"extra-color-gradient-2\" style=\"\"><h5>Wir k\u00fcmmern uns um Ihre Privatsph\u00e4re<\/h5><\/div>\n\t\t<\/div> \n\t<\/div>\n\t<\/div> \n<\/div><\/div><div id=\"fws_69e0fca1d7d09\" data-midnight=\"\" data-column-margin=\"default\" class=\"wpb_row vc_row-fluid vc_row inner_row\"  style=\"\"><div class=\"row-bg-wrap\"> <div class=\"row-bg\" ><\/div> <\/div><div class=\"row_col_wrap_12_inner col span_12  left\">\n\t<div  class=\"vc_col-sm-12 wpb_column column_container vc_column_container col child_column no-extra-padding inherit_tablet inherit_phone\"   data-padding-pos=\"all\" data-has-bg-color=\"false\" data-bg-color=\"\" data-bg-opacity=\"1\" data-animation=\"\" data-delay=\"0\" >\n\t\t<div class=\"vc_column-inner\" >\n\t\t<div class=\"wpb_wrapper\">\n\t\t\t\n<div class=\"wpb_text_column wpb_content_element  vc_custom_1731951280808\" >\n\t<div class=\"wpb_wrapper\">\n\t\t<h2>\"Eine Datenschutzrichtlinie ist ein formelles Dokument, in dem beschrieben wird, wie eine Organisation personenbezogene Daten von Nutzern sammelt, speichert, verwendet und sch\u00fctzt.<\/h2>\n\t<\/div>\n<\/div>\n\n\n\n\n\t\t<\/div> \n\t<\/div>\n\t<\/div> \n<\/div><\/div>\n\t\t\t<\/div> \n\t\t<\/div>\n\t<\/div> \n\n\t<div  class=\"vc_col-sm-2 wpb_column column_container vc_column_container col no-extra-padding inherit_tablet inherit_phone\"  data-padding-pos=\"all\" data-has-bg-color=\"false\" data-bg-color=\"\" data-bg-opacity=\"1\" data-animation=\"\" data-delay=\"0\" >\n\t\t<div class=\"vc_column-inner\" >\n\t\t\t<div class=\"wpb_wrapper\">\n\t\t\t\t\n\t\t\t<\/div> \n\t\t<\/div>\n\t<\/div> \n<\/div><\/div>\n\t\t<div id=\"fws_69e0fca1d8014\"  data-column-margin=\"default\" data-midnight=\"dark\" data-top-percent=\"12%\" data-bottom-percent=\"5%\"  class=\"wpb_row vc_row-fluid vc_row full-width-content vc_row-o-equal-height vc_row-flex vc_row-o-content-middle  right_padding_27vw left_padding_27vw bottom_padding_tablet_12pct right_padding_tablet_20vw right_padding_phone_7vw left_padding_tablet_20vw left_padding_phone_7vw\"  style=\"padding-top: calc(100vw * 0.12); padding-bottom: calc(100vw * 0.05); \"><div class=\"row-bg-wrap\" data-bg-animation=\"none\" data-bg-animation-delay=\"\" data-bg-overlay=\"false\"><div class=\"inner-wrap row-bg-layer\" ><div class=\"row-bg viewport-desktop\"  style=\"\"><\/div><\/div><\/div><div class=\"row_col_wrap_12 col span_12 dark left\">\n\t<div  class=\"vc_col-sm-12 wpb_column column_container vc_column_container col column_position_static el_spacing_0px\"  data-overlay-color=\"true\" data-padding-pos=\"all\" data-has-bg-color=\"false\" data-bg-color=\"\" data-bg-opacity=\"1\" data-animation=\"\" data-delay=\"0\" >\n\t\t<div class=\"vc_column-inner\" ><div class=\"column-bg-overlay-wrap column-bg-layer\" data-bg-animation=\"none\"><div class=\"column-bg-overlay\"><\/div><div class=\"column-overlay-layer\" style=\"\"><\/div><\/div>\n\t\t\t<div class=\"wpb_wrapper\">\n\t\t\t\t<div id=\"fws_69e0fca1d817c\" data-midnight=\"\" data-column-margin=\"default\" class=\"wpb_row vc_row-fluid vc_row inner_row\"  style=\"padding-bottom: 7%; \"><div class=\"row-bg-wrap\"> <div class=\"row-bg\" ><\/div> <\/div><div class=\"row_col_wrap_12_inner col span_12  left\">\n\t<div  class=\"vc_col-sm-12 wpb_column column_container vc_column_container col child_column has-animation no-extra-padding el_spacing_0px inherit_tablet inherit_phone\"   data-padding-pos=\"all\" data-has-bg-color=\"false\" data-bg-color=\"\" data-bg-opacity=\"1\" data-animation=\"fade-in\" data-delay=\"0\" data-animation-offset=\"90%\" >\n\t\t<div class=\"vc_column-inner\" >\n\t\t<div class=\"wpb_wrapper\">\n\t\t\t<div class=\"nectar-animated-shape width_desktop_15vw position_desktop_absolute top_position_desktop_0px left_position_desktop_0px translate_y_desktop_-30pct translate_x_desktop_-50pct z_index_-1\"><div class=\"nectar-animated-shape__inner_wrap\" data-easing=\"default\" data-animation=\"none\"><div class=\"nectar-animated-shape__inner nectar-el-parallax-scroll\"data-scroll-animation=\"true\" data-scroll-animation-movement=\"transform_y\" data-scroll-animation-mobile=\"true\" data-scroll-animation-intensity=\"0.6\" ><svg xmlns=\"http:\/\/www.w3.org\/2000\/svg\" viewbox=\"0 0 100 100\" width=\"100\" height=\"100\" preserveaspectratio=\"xMidYMid meet\" style=\"width: 100%; height: 100%; overflow: hidden;\"><circle cx=\"50\" cy=\"50\" r=\"50\" fill=\"#ffffff\" \/><\/svg><\/div><\/div><\/div><div class=\"nectar-highlighted-text font_size_3vw font_size_tablet_4vw font_size_phone_5vw font_line_height_1-4\" data-style=\"scribble\" data-exp=\"default\" data-id=\"circle-highlight2\" data-using-custom-color=\"false\" data-animation-delay=\"false\" data-color=\"\" data-color-gradient=\"\" style=\"\"><h2><em>Datenschutzbestimmungen<svg class=\"nectar-scribble squiggle-underline\" role=\"presentation\" viewbox=\"-347 -30.1947 694 96.19\" preserveaspectratio=\"none\"><path style=\"animation-duration: 1.8s;\" d=\"M-335,54 C-335,54 -171,-58 -194,-3 C-217,52 -224.1199951171875,73.552001953125 -127,11 C-68,-27 -137,50 -33,42 C31.43899917602539,37.042999267578125 147.14700317382812,-29.308000564575195 335,2\" stroke=\"#318fff\" pathlength=\"1\" stroke-width=\"20\" fill=\"none\"\/><\/svg><\/em><\/h2>\n<\/div>\n\t\t<\/div> \n\t<\/div>\n\t<\/div> \n<\/div><\/div><div id=\"fws_69e0fca1d8394\" data-midnight=\"\" data-column-margin=\"default\" class=\"wpb_row vc_row-fluid vc_row inner_row\"  style=\"\"><div class=\"row-bg-wrap\"> <div class=\"row-bg\" ><\/div> <\/div><div class=\"row_col_wrap_12_inner col span_12  left\">\n\t<div  class=\"vc_col-sm-12 wpb_column column_container vc_column_container col child_column no-extra-padding inherit_tablet inherit_phone\"   data-padding-pos=\"all\" data-has-bg-color=\"false\" data-bg-color=\"\" data-bg-opacity=\"1\" data-animation=\"\" data-delay=\"0\" >\n\t\t<div class=\"vc_column-inner\" >\n\t\t<div class=\"wpb_wrapper\">\n\t\t\t\n<div class=\"wpb_text_column wpb_content_element\" >\n\t<div class=\"wpb_wrapper\">\n\t\t<p>www.minuaplast.com verpflichtet sich, die Privatsph\u00e4re seiner Besucher zu sch\u00fctzen. In dieser Datenschutzerkl\u00e4rung wird erl\u00e4utert, wie Ihre pers\u00f6nlichen Daten gesammelt, verwendet und gesch\u00fctzt werden.<\/p>\n<h3>1. gesammelte Informationen<\/h3>\n<p>Die folgenden Arten von Informationen k\u00f6nnen gesammelt werden, wenn Sie unsere Website besuchen:<br \/>\n&#8211; <strong>Pers\u00f6nliche Informationen<\/strong>: Name, E-Mail-Adresse, Telefonnummer (nur von Ihnen angegeben).<br \/>\n&#8211; <strong>Automatisch gesammelte Informationen<\/strong>: IP-Adresse, Browsertyp, besuchte Seiten und andere durch Cookies erhaltene Informationen.<\/p>\n<h3>2. die Nutzung von Informationen<\/h3>\n<p>Die gesammelten Informationen k\u00f6nnen f\u00fcr die folgenden Zwecke verwendet werden:<br \/>\n- Zur Bereitstellung und Verbesserung unserer Dienstleistungen,<br \/>\n- Ihre Fragen beantworten und Unterst\u00fctzung anbieten,<br \/>\n- Marketing- und Werbezwecke (mit Ihrer ausdr\u00fccklichen Zustimmung),<br \/>\n- Zur Erf\u00fcllung unserer gesetzlichen Verpflichtungen.<\/p>\n<h3>3. die Weitergabe von Informationen<\/h3>\n<p>Ihre pers\u00f6nlichen Daten werden ohne Ihre ausdr\u00fcckliche Zustimmung nicht an Dritte weitergegeben, wobei die folgenden Situationen eine Ausnahme darstellen k\u00f6nnen:<br \/>\n- In \u00dcbereinstimmung mit den gesetzlichen Bestimmungen,<br \/>\n- Wenn unsere Dienstleister im erforderlichen Umfang auf die Informationen zugreifen.<\/p>\n<h3>\u00a04) Cookies und Tracking-Technologien<\/h3>\n<p>Unsere Website verwendet Cookies, um die Nutzererfahrung zu verbessern und den Websiteverkehr zu analysieren. Sie k\u00f6nnen Ihre Cookie-Einstellungen in den Browser-Einstellungen \u00e4ndern.<\/p>\n<h3>\u00a05. die Datensicherheit<\/h3>\n<p>Wir ergreifen geeignete technische und administrative Ma\u00dfnahmen, um Ihre pers\u00f6nlichen Daten vor unbefugtem Zugriff, Verlust oder Offenlegung zu sch\u00fctzen.<\/p>\n<h3>\u00a06. ihre Rechte<\/h3>\n<p>Sie haben die folgenden Rechte in Bezug auf Ihre pers\u00f6nlichen Daten:<br \/>\n- Beschaffung von Informationen,<br \/>\n- Korrigieren Sie Ihre Daten,<br \/>\n- L\u00f6schen Sie Ihre Daten nicht,<br \/>\n- die Verarbeitung Ihrer Daten einzuschr\u00e4nken oder ihr zu widersprechen.<\/p>\n<p>Sie k\u00f6nnen uns kontaktieren, um diese Rechte auszu\u00fcben.<\/p>\n<h3>7. kommunikation<\/h3>\n<p>Wenn Sie Fragen oder Bedenken bez\u00fcglich unserer Datenschutzpolitik haben, k\u00f6nnen Sie uns \u00fcber die folgenden Kontaktkan\u00e4le kontaktieren:<br \/>\n<strong>E-Mail<\/strong>: [info@minuaplast.com]<br \/>\n<strong>Adresse<\/strong>: [Saltukgazi, Hastane Caddesi No: 16, Malazgirt\/Mu\u015f, T\u00fcrkei]<br \/>\n<strong>Telefon<\/strong>: [+90 534 246 52 13]<\/p>\n<h3>8. aktualisierungen<\/h3>\n<p>Diese Datenschutzrichtlinie kann von Zeit zu Zeit aktualisiert werden. Im Falle wesentlicher \u00c4nderungen werden wir unsere Nutzer \u00fcber unsere Website informieren.<\/p>\n<p>Letzte Aktualisierung: [18.11.2024]<\/p>\n\t<\/div>\n<\/div>\n\n\n\n\n\t\t<\/div> \n\t<\/div>\n\t<\/div> \n<\/div><\/div>\n\t\t\t<\/div> \n\t\t<\/div>\n\t<\/div> \n<\/div><\/div>\n\t\t<div id=\"fws_69e0fca1d859b\"  data-column-margin=\"default\" data-midnight=\"light\"  class=\"wpb_row vc_row-fluid vc_row full-width-section vc_row-o-equal-height vc_row-flex vc_row-o-content-middle\"  style=\"padding-top: 60px; padding-bottom: 60px; \"><div class=\"row-bg-wrap\" data-bg-animation=\"none\" data-bg-animation-delay=\"\" data-bg-overlay=\"false\"><div class=\"inner-wrap row-bg-layer\" ><div class=\"row-bg viewport-desktop using-bg-color\"  style=\"background-color: #333333; \"><\/div><\/div><\/div><div class=\"row_col_wrap_12 col span_12 light left\">\n\t<div  class=\"vc_col-sm-3 wpb_column column_container vc_column_container col no-extra-padding force-tablet-text-align-center force-phone-text-align-center inherit_tablet inherit_phone\"  data-padding-pos=\"all\" data-has-bg-color=\"false\" data-bg-color=\"\" data-bg-opacity=\"1\" data-animation=\"\" data-delay=\"0\" >\n\t\t<div class=\"vc_column-inner\" >\n\t\t\t<div class=\"wpb_wrapper\">\n\t\t\t\t<h5 style=\"text-align: left;font-family:Roboto Condensed;font-weight:700;font-style:normal\" class=\"vc_custom_heading vc_do_custom_heading\" >Rechtliche Informationen<\/h5>\n\t\t\t<\/div> \n\t\t<\/div>\n\t<\/div> \n\n\t<div  class=\"vc_col-sm-6 wpb_column column_container vc_column_container col no-extra-padding force-tablet-text-align-center force-phone-text-align-center inherit_tablet inherit_phone\"  data-padding-pos=\"all\" data-has-bg-color=\"false\" data-bg-color=\"\" data-bg-opacity=\"1\" data-animation=\"\" data-delay=\"0\" >\n\t\t<div class=\"vc_column-inner\" >\n\t\t\t<div class=\"wpb_wrapper\">\n\t\t\t\t<h5 style=\"text-align: center;font-family:Roboto Condensed;font-weight:700;font-style:normal\" class=\"vc_custom_heading vc_do_custom_heading\" >Sie k\u00f6nnen auf die Schaltfl\u00e4che klicken, um zu unseren anderen rechtlichen Informationen zu gelangen.<\/h5>\n\t\t\t<\/div> \n\t\t<\/div>\n\t<\/div> \n\n\t<div  class=\"vc_col-sm-3 wpb_column column_container vc_column_container col no-extra-padding force-tablet-text-align-center force-phone-text-align-center inherit_tablet inherit_phone\"  data-padding-pos=\"all\" data-has-bg-color=\"false\" data-bg-color=\"\" data-bg-opacity=\"1\" data-animation=\"\" data-delay=\"0\" >\n\t\t<div class=\"vc_column-inner\" >\n\t\t\t<div class=\"wpb_wrapper\">\n\t\t\t\t<div id=\"fws_69e0fca1d88ab\" data-midnight=\"\" data-column-margin=\"default\" class=\"wpb_row vc_row-fluid vc_row inner_row\"  style=\"\"><div class=\"row-bg-wrap\"> <div class=\"row-bg\" ><\/div> <\/div><div class=\"row_col_wrap_12_inner col span_12  right\">\n\t<div  class=\"vc_col-sm-12 wpb_column column_container vc_column_container col child_column no-extra-padding inherit_tablet inherit_phone\"   data-padding-pos=\"all\" data-has-bg-color=\"false\" data-bg-color=\"\" data-bg-opacity=\"1\" data-animation=\"\" data-delay=\"0\" >\n\t\t<div class=\"vc_column-inner\" >\n\t\t<div class=\"wpb_wrapper\">\n\t\t\t<div class=\"divider-wrap\" data-alignment=\"default\"><div style=\"height: 10px;\" class=\"divider\"><\/div><\/div><a class=\"nectar-button jumbo see-through accent-color\"  role=\"button\" style=\"\"  href=\"https:\/\/www.minuaplast.com\/de\/rechtliche-informationen\/\" data-color-override=\"false\" data-hover-color-override=\"false\" data-hover-text-color-override=\"#fff\"><span>Entdecken Sie<\/span><\/a>\n\t\t<\/div> \n\t<\/div>\n\t<\/div> \n<\/div><\/div>\n\t\t\t<\/div> \n\t\t<\/div>\n\t<\/div> \n<\/div><\/div>","protected":false},"excerpt":{"rendered":"Wir k\u00fcmmern uns um Ihre Privatsph\u00e4re \"Eine Datenschutzrichtlinie ist ein formelles Dokument, in dem beschrieben wird, wie eine Organisation personenbezogene Daten von Benutzern sammelt, speichert, verwendet und sch\u00fctzt.\" Datenschutzerkl\u00e4rung Als www.minuaplast.com sind wir verpflichtet, die Privatsph\u00e4re unserer Besucher zu sch\u00fctzen. Diese Datenschutz...","protected":false},"author":1,"featured_media":0,"parent":0,"menu_order":0,"comment_status":"closed","ping_status":"closed","template":"","meta":{"footnotes":""},"class_list":["post-528","page","type-page","status-publish"],"jetpack_sharing_enabled":true,"_links":{"self":[{"href":"https:\/\/www.minuaplast.com\/de\/wp-json\/wp\/v2\/pages\/528","targetHints":{"allow":["GET"]}}],"collection":[{"href":"https:\/\/www.minuaplast.com\/de\/wp-json\/wp\/v2\/pages"}],"about":[{"href":"https:\/\/www.minuaplast.com\/de\/wp-json\/wp\/v2\/types\/page"}],"author":[{"embeddable":true,"href":"https:\/\/www.minuaplast.com\/de\/wp-json\/wp\/v2\/users\/1"}],"replies":[{"embeddable":true,"href":"https:\/\/www.minuaplast.com\/de\/wp-json\/wp\/v2\/comments?post=528"}],"version-history":[{"count":8,"href":"https:\/\/www.minuaplast.com\/de\/wp-json\/wp\/v2\/pages\/528\/revisions"}],"predecessor-version":[{"id":536,"href":"https:\/\/www.minuaplast.com\/de\/wp-json\/wp\/v2\/pages\/528\/revisions\/536"}],"wp:attachment":[{"href":"https:\/\/www.minuaplast.com\/de\/wp-json\/wp\/v2\/media?parent=528"}],"curies":[{"name":"wp","href":"https:\/\/api.w.org\/{rel}","templated":true}]}}