{"id":349,"date":"2024-11-15T15:54:17","date_gmt":"2024-11-15T12:54:17","guid":{"rendered":"https:\/\/www.minuaplast.com\/?page_id=349"},"modified":"2024-11-15T16:55:45","modified_gmt":"2024-11-15T13:55:45","slug":"medya-merkezi","status":"publish","type":"page","link":"https:\/\/www.minuaplast.com\/de\/medienzentrum\/","title":{"rendered":"Medienzentrum"},"content":{"rendered":"<div id=\"fws_69e0fe4eb55df\"  data-column-margin=\"default\" data-midnight=\"light\" data-top-percent=\"9%\" data-bottom-percent=\"8%\"  class=\"wpb_row vc_row-fluid vc_row full-width-section vc_row-o-equal-height vc_row-flex vc_row-o-content-middle\"  style=\"padding-top: calc(100vw * 0.09); padding-bottom: calc(100vw * 0.08); \"><div class=\"row-bg-wrap\" data-bg-animation=\"none\" data-bg-animation-delay=\"\" data-bg-overlay=\"true\"><div class=\"inner-wrap row-bg-layer using-image\" ><div class=\"row-bg viewport-desktop using-image using-bg-color\"  style=\"background-image: url(https:\/\/i0.wp.com\/www.minuaplast.com\/wp-content\/uploads\/2024\/11\/pexels-hellochemo-1799435.jpg?fit=1280%2C853&#038;ssl=1); background-position: left top; background-repeat: no-repeat; background-color: #141414; \"><\/div><\/div><div class=\"row-bg-overlay row-bg-layer\" style=\"background-color:#212121;  opacity: 0.8; \"><\/div><\/div><div class=\"row_col_wrap_12 col span_12 light left\">\n\t<div  class=\"vc_col-sm-6 wpb_column column_container vc_column_container col padding-2-percent inherit_tablet inherit_phone\"  data-padding-pos=\"right\" data-has-bg-color=\"false\" data-bg-color=\"\" data-bg-opacity=\"1\" data-animation=\"\" data-delay=\"0\" >\n\t\t<div class=\"vc_column-inner\" >\n\t\t\t<div class=\"wpb_wrapper\">\n\t\t\t\t\n<div class=\"wpb_text_column wpb_content_element  vc_custom_1731676026240\" >\n\t<div class=\"wpb_wrapper\">\n\t\t<h5>Der Treffpunkt f\u00fcr Wissen, Inspiration und Innovation!<\/h5>\n\t<\/div>\n<\/div>\n\n\n\n\n<div class=\"wpb_text_column wpb_content_element  vc_custom_1731676037375\" >\n\t<div class=\"wpb_wrapper\">\n\t\t<h1>Medienzentrum<\/h1>\n\t<\/div>\n<\/div>\n\n\n\n\n<div class=\"wpb_text_column wpb_content_element  vc_custom_1731676262664\" style=\" max-width: 550px; display: inline-block;\">\n\t<div class=\"wpb_wrapper\">\n\t\t<p>Entdecken Sie die neuesten Entwicklungen in der Branche, inspirierende Geschichten und innovative L\u00f6sungen. Unser Medienzentrum bringt Sie einen Schritt n\u00e4her an die Bew\u00e4sserungstechnologien der Zukunft heran! Sie k\u00f6nnen die gew\u00fcnschte Seite \u00f6ffnen, indem Sie auf die K\u00e4stchen klicken.<\/p>\n\t<\/div>\n<\/div>\n\n\n\n\n\t\t\t<\/div> \n\t\t<\/div>\n\t<\/div> \n\n\t<div  class=\"vc_col-sm-6 wpb_column column_container vc_column_container col no-extra-padding inherit_tablet inherit_phone\"  data-padding-pos=\"all\" data-has-bg-color=\"false\" data-bg-color=\"\" data-bg-opacity=\"1\" data-animation=\"\" data-delay=\"0\" >\n\t\t<div class=\"vc_column-inner\" >\n\t\t\t<div class=\"wpb_wrapper\">\n\t\t\t\t<div id=\"fws_69e0fe4eb59f8\" data-midnight=\"\" data-column-margin=\"none\" class=\"wpb_row vc_row-fluid vc_row inner_row\"  style=\"\"><div class=\"row-bg-wrap\"> <div class=\"row-bg\" ><\/div> <\/div><div class=\"row_col_wrap_12_inner col span_12  left\">\n\t<div  class=\"vc_col-sm-6 wpb_column column_container vc_column_container col child_column padding-2-percent inherit_tablet inherit_phone\"   data-padding-pos=\"all\" data-has-bg-color=\"false\" data-bg-color=\"\" data-bg-opacity=\"1\" data-animation=\"\" data-delay=\"0\" >\n\t\t<div class=\"vc_column-inner\" >\n\t\t<div class=\"wpb_wrapper\">\n\t\t\t<div class=\"nectar-fancy-box using-img  vc_custom_1731678868006 has-animation\" style=\"min-height: 350px\" data-style=\"hover_desc\" data-border-radius=\"default\" data-animation=\"fade-in-from-bottom\" data-bg-animation=\"long_zoom\" data-border=\"\" data-delay=\"0\" data-alignment=\"left\" data-color=\"extra-color-3\" ><div class=\"box-bg\"  style=\"background-image: url('https:\/\/i0.wp.com\/www.minuaplast.com\/wp-content\/uploads\/2024\/11\/pexels-mikhail-nilov-8846033.jpg?fit=1280%2C1920&#038;ssl=1'); \"><\/div><div class=\"inner\"><div class=\"heading-wrap\"><i class=\"icon-default-style fa fa-bullhorn\" data-color=\"accent-color\" style=\"font-size: 40px!important; line-height: 40px!important;\"><\/i>\n<h4>Ank\u00fcndigungen<\/h4>\n<\/div><div class=\"hover-content\">Hier finden Sie die neuesten Nachrichten, Veranstaltungen und wichtigen Entwicklungen in unserem Unternehmen!<\/div><\/div>  <a  href=\"https:\/\/www.minuaplast.com\/de\/schriftstucke\/ankundigungen\/\" class=\"box-link\"><\/a> <\/div><div class=\"nectar-fancy-box using-img  vc_custom_1731678922181 has-animation\" style=\"min-height: 350px\" data-style=\"hover_desc\" data-border-radius=\"default\" data-animation=\"fade-in-from-bottom\" data-bg-animation=\"long_zoom\" data-border=\"\" data-delay=\"0\" data-alignment=\"left\" data-color=\"extra-color-3\" ><div class=\"box-bg\"  style=\"background-image: url('https:\/\/i0.wp.com\/www.minuaplast.com\/wp-content\/uploads\/2024\/11\/pexels-karolina-grabowska-4207785.jpg?fit=1280%2C1920&#038;ssl=1'); \"><\/div><div class=\"inner\"><div class=\"heading-wrap\"><i class=\"icon-default-style fa fa-picture-o\" data-color=\"accent-color\" style=\"font-size: 40px!important; line-height: 40px!important;\"><\/i>\n<h4>Galerie<\/h4>\n<\/div><div class=\"hover-content\">Lernen Sie uns anhand von Bildern aus unseren Projekten und Einrichtungen n\u00e4her kennen.<\/div><\/div>  <a  href=\"https:\/\/www.minuaplast.com\/de\/galeri\/\" class=\"box-link\"><\/a> <\/div>\n\t\t<\/div> \n\t<\/div>\n\t<\/div> \n\n\t<div  class=\"vc_col-sm-6 wpb_column column_container vc_column_container col child_column padding-2-percent inherit_tablet inherit_phone\"   data-padding-pos=\"all\" data-has-bg-color=\"false\" data-bg-color=\"\" data-bg-opacity=\"1\" data-animation=\"\" data-delay=\"0\" >\n\t\t<div class=\"vc_column-inner\" >\n\t\t<div class=\"wpb_wrapper\">\n\t\t\t<div class=\"nectar-fancy-box using-img  vc_custom_1731678902716 has-animation\" style=\"min-height: 350px\" data-style=\"hover_desc\" data-border-radius=\"default\" data-animation=\"fade-in-from-bottom\" data-bg-animation=\"long_zoom\" data-border=\"\" data-delay=\"100\" data-alignment=\"left\" data-color=\"extra-color-3\" ><div class=\"box-bg\"  style=\"background-image: url('https:\/\/i0.wp.com\/www.minuaplast.com\/wp-content\/uploads\/2024\/11\/pexels-janson-a-207878-753695.jpg?fit=1280%2C1331&#038;ssl=1'); \"><\/div><div class=\"inner\"><div class=\"heading-wrap\"><i class=\"icon-default-style fa fa-pencil-square-o\" data-color=\"accent-color\" style=\"font-size: 40px!important; line-height: 40px!important;\"><\/i>\n<h4>Artikel<\/h4>\n<\/div><div class=\"hover-content\">Erweitern Sie Ihr Wissen mit innovativen Ideen und inspirierenden Inhalten \u00fcber den Sektor.<\/div><\/div>  <a  href=\"https:\/\/www.minuaplast.com\/de\/schriftstucke\/artikel\/\" class=\"box-link\"><\/a> <\/div><div class=\"nectar-fancy-box using-img  vc_custom_1731678941100 has-animation\" style=\"min-height: 350px\" data-style=\"hover_desc\" data-border-radius=\"default\" data-animation=\"fade-in-from-bottom\" data-bg-animation=\"long_zoom\" data-border=\"\" data-delay=\"100\" data-alignment=\"left\" data-color=\"extra-color-3\" ><div class=\"box-bg\"  style=\"background-image: url('https:\/\/i0.wp.com\/www.minuaplast.com\/wp-content\/uploads\/2024\/11\/pexels-rdne-7490893.jpg?fit=1280%2C853&#038;ssl=1'); \"><\/div><div class=\"inner\"><div class=\"heading-wrap\"><i class=\"icon-default-style fa fa-file-o\" data-color=\"accent-color\" style=\"font-size: 40px!important; line-height: 40px!important;\"><\/i>\n<h4>Kataloge<\/h4>\n<\/div><div class=\"hover-content\">Hier finden Sie detaillierte Informationen \u00fcber unsere Produkte und L\u00f6sungen. <\/div><\/div>  <a  href=\"https:\/\/www.minuaplast.com\/de\/kataloge\/\" class=\"box-link\"><\/a> <\/div>\n\t\t<\/div> \n\t<\/div>\n\t<\/div> \n<\/div><\/div>\n\t\t\t<\/div> \n\t\t<\/div>\n\t<\/div> \n<\/div><\/div>","protected":false},"excerpt":{"rendered":"Der Treffpunkt f\u00fcr Wissen, Inspiration und Innovation! Medienzentrum Entdecken Sie die neuesten Entwicklungen in der Branche, inspirierende Geschichten und innovative L\u00f6sungen. Unser Medienzentrum bringt Sie einen Schritt n\u00e4her an die Bew\u00e4sserungstechnologien der Zukunft heran!","protected":false},"author":1,"featured_media":0,"parent":0,"menu_order":0,"comment_status":"closed","ping_status":"closed","template":"","meta":{"footnotes":""},"class_list":["post-349","page","type-page","status-publish"],"jetpack_sharing_enabled":true,"_links":{"self":[{"href":"https:\/\/www.minuaplast.com\/de\/wp-json\/wp\/v2\/pages\/349","targetHints":{"allow":["GET"]}}],"collection":[{"href":"https:\/\/www.minuaplast.com\/de\/wp-json\/wp\/v2\/pages"}],"about":[{"href":"https:\/\/www.minuaplast.com\/de\/wp-json\/wp\/v2\/types\/page"}],"author":[{"embeddable":true,"href":"https:\/\/www.minuaplast.com\/de\/wp-json\/wp\/v2\/users\/1"}],"replies":[{"embeddable":true,"href":"https:\/\/www.minuaplast.com\/de\/wp-json\/wp\/v2\/comments?post=349"}],"version-history":[{"count":5,"href":"https:\/\/www.minuaplast.com\/de\/wp-json\/wp\/v2\/pages\/349\/revisions"}],"predecessor-version":[{"id":362,"href":"https:\/\/www.minuaplast.com\/de\/wp-json\/wp\/v2\/pages\/349\/revisions\/362"}],"wp:attachment":[{"href":"https:\/\/www.minuaplast.com\/de\/wp-json\/wp\/v2\/media?parent=349"}],"curies":[{"name":"wp","href":"https:\/\/api.w.org\/{rel}","templated":true}]}}