{"id":294,"date":"2024-11-12T18:25:35","date_gmt":"2024-11-12T18:25:35","guid":{"rendered":"https:\/\/minuaplast.com\/?page_id=294"},"modified":"2024-11-17T01:25:15","modified_gmt":"2024-11-16T22:25:15","slug":"kurumsal-bilgiler","status":"publish","type":"page","link":"https:\/\/www.minuaplast.com\/de\/unternehmensinformationen\/","title":{"rendered":"Informationen zum Unternehmen"},"content":{"rendered":"<div id=\"intro\"  data-column-margin=\"default\" data-midnight=\"light\" data-top-percent=\"10%\" data-bottom-percent=\"4%\"  class=\"wpb_row vc_row-fluid vc_row full-width-section\"  style=\"padding-top: calc(100vw * 0.10); padding-bottom: calc(100vw * 0.04); \"><div class=\"row-bg-wrap\" data-bg-animation=\"none\" data-bg-animation-delay=\"\" data-bg-overlay=\"true\"><div class=\"inner-wrap row-bg-layer\" ><div class=\"row-bg viewport-desktop using-bg-color\"  style=\"background-color: #cbcbc3; \"><\/div><\/div><div class=\"row-bg-overlay row-bg-layer\" style=\"background-color:#000000;  opacity: 0.5; \"><\/div><\/div>\n\t\t\t<div class=\"video-color-overlay row-bg-layer\" data-color=\"\"><\/div>\n\t\t\t\n\t\t\t<div class=\"nectar-video-wrap row-bg-layer\" data-bg-alignment=\"\">\n\t\t\t\t<div class=\"nectar-video-inner\">\n\t\t\t\t<video class=\"nectar-video-bg\" width=\"1800\" height=\"700\" preload=\"auto\" loop autoplay muted playsinline><source src=\"https:\/\/www.minuaplast.com\/wp-content\/uploads\/2024\/11\/kurumsal-bilgiler-processed.mp4\"  type=\"video\/mp4\"><\/video>    \t\t<\/div>\n\t\t\t <\/div>\n\n\t\t\t<div class=\"row_col_wrap_12 col span_12 light left\">\n\t<div  class=\"vc_col-sm-6 wpb_column column_container vc_column_container col no-extra-padding inherit_tablet inherit_phone\"  data-padding-pos=\"all\" data-has-bg-color=\"false\" data-bg-color=\"\" data-bg-opacity=\"1\" data-animation=\"\" data-delay=\"0\" >\n\t\t<div class=\"vc_column-inner\" >\n\t\t\t<div class=\"wpb_wrapper\">\n\t\t\t\t<div class=\"nectar-split-heading\" data-align=\"default\" data-m-align=\"inherit\" data-text-effect=\"default\" data-animation-type=\"line-reveal-by-space\" data-animation-delay=\"0\" data-animation-offset=\"\" data-m-rm-animation=\"\" data-stagger=\"\" data-custom-font-size=\"false\" ><h1 >Ob Beregnungsanlagen oder Spezialarmaturen - wir haben die L\u00f6sung f\u00fcr Ihre Anforderungen.<\/h1><\/div><div id=\"fws_69e0fc9ca6e48\" data-midnight=\"\" data-column-margin=\"default\" class=\"wpb_row vc_row-fluid vc_row inner_row\"  style=\"\"><div class=\"row-bg-wrap\"> <div class=\"row-bg\" ><\/div> <\/div><div class=\"row_col_wrap_12_inner col span_12  left\">\n\t<div  class=\"vc_col-sm-12 wpb_column column_container vc_column_container col child_column has-animation no-extra-padding inherit_tablet inherit_phone\"   data-padding-pos=\"all\" data-has-bg-color=\"false\" data-bg-color=\"\" data-bg-opacity=\"1\" data-animation=\"fade-in-from-bottom\" data-delay=\"0\" >\n\t\t<div class=\"vc_column-inner\" >\n\t\t<div class=\"wpb_wrapper\">\n\t\t\t\n<div class=\"wpb_text_column wpb_content_element\" >\n\t<div class=\"wpb_wrapper\">\n\t\t<p>Ob Sie nach dauerhaften L\u00f6sungen f\u00fcr landwirtschaftliche Bew\u00e4sserungssysteme suchen oder spezielle Befestigungen und Beregnungssysteme entwerfen wollen - Minuaplast bietet professionelle L\u00f6sungen f\u00fcr alle Ihre Bed\u00fcrfnisse. Mit unserer langj\u00e4hrigen Erfahrung und unserem innovativen Ansatz sind wir da, um alle Ihre Bed\u00fcrfnisse im Bereich der Bew\u00e4sserung und Befestigungstechnik zu erf\u00fcllen. Mit unseren Produkten, die die Produktivit\u00e4t steigern und eine nachhaltige Landwirtschaft unterst\u00fctzen, machen wir Ihre Bew\u00e4sserungssysteme effektiver und zuverl\u00e4ssiger.<\/p>\n\t<\/div>\n<\/div>\n\n\n\n<div class=\"nectar-next-section-wrap mouse-wheel alignment_tablet_default alignment_phone_default display_tablet_inherit display_phone_inherit\"  data-align=\"center\" data-custom-color=\"false\"><a href=\"#\"  class=\"nectar-next-section skip-hash\"><span class=\"screen-reader-text\">Navigieren Sie zum n\u00e4chsten Abschnitt<\/span><svg class=\"nectar-scroll-icon\" viewbox=\"0 0 30 45\" enable-background=\"new 0 0 30 45\">\n          <path class=\"nectar-scroll-icon-path\" fill=\"none\" stroke=\"#ffffff\" stroke-width=\"2\" stroke-miterlimit=\"10\" d=\"M15,1.118c12.352,0,13.967,12.88,13.967,12.88v18.76  c0,0-1.514,11.204-13.967,11.204S0.931,32.966,0.931,32.966V14.05C0.931,14.05,2.648,1.118,15,1.118z\"><\/path>\n        <\/svg><span class=\"track-ball\" ><\/span><\/a><\/div>\n\t\t<\/div> \n\t<\/div>\n\t<\/div> \n<\/div><\/div>\n\t\t\t<\/div> \n\t\t<\/div>\n\t<\/div> \n<\/div><\/div>\n\t\t<div id=\"services\"  data-column-margin=\"default\" data-midnight=\"dark\" data-top-percent=\"7%\" data-bottom-percent=\"7%\"  class=\"wpb_row vc_row-fluid vc_row full-width-section\"  style=\"padding-top: calc(100vw * 0.07); padding-bottom: calc(100vw * 0.07); \"><div class=\"row-bg-wrap\" data-bg-animation=\"none\" data-bg-animation-delay=\"\" data-bg-overlay=\"true\"><div class=\"inner-wrap row-bg-layer\" ><div class=\"row-bg viewport-desktop using-bg-color\"  style=\"background-color: #151519; \"><\/div><\/div><div class=\"row-bg-overlay row-bg-layer\" style=\"background: #232323; background: linear-gradient(135deg,#232323 0%,#191919 100%);  opacity: 1; \"><\/div><\/div><div class=\"row_col_wrap_12 col span_12 dark left\">\n\t<div  class=\"vc_col-sm-4 wpb_column column_container vc_column_container col has-animation padding-1-percent inherit_tablet inherit_phone\"  data-padding-pos=\"all\" data-has-bg-color=\"false\" data-bg-color=\"\" data-bg-opacity=\"1\" data-animation=\"reveal-from-bottom\" data-delay=\"0\" >\n\t\t<div class=\"vc_column-inner\" >\n\t\t\t<div class=\"wpb_wrapper\">\n\t\t\t\t<div class=\"nectar-fancy-box using-img\" data-style=\"default\" data-animation=\"\" data-hover-o=\"default\" data-border-radius=\"default\" data-border=\"\" data-box-color-opacity=\"1\" data-delay=\"\" data-alignment=\"left\" data-color=\"accent-color\" ><div class=\"box-bg\" ><\/div> <div class=\"inner\" style=\"min-height: 400px\">\n<h3>\u00dcber uns<\/h3>\n<p>Minuaplast bietet mit seiner langj\u00e4hrigen Erfahrung einen Mehrwert f\u00fcr den Sektor bei der Herstellung von hochwertigen Bew\u00e4sserungssystemen und Befestigungselementen. Wir stehen Ihnen bei jedem Projekt mit nachhaltigen L\u00f6sungen und zuverl\u00e4ssigen Produkten zur Seite.<\/div> <div class=\"link-text\">Seite anzeigen<span class=\"arrow\"><\/span><\/div> <a  href=\"https:\/\/www.minuaplast.com\/de\/uber-uns\/\" class=\"box-link\"><\/a> <\/div>\n\t\t\t<\/div> \n\t\t<\/div>\n\t<\/div> \n\n\t<div  class=\"vc_col-sm-4 wpb_column column_container vc_column_container col has-animation padding-1-percent inherit_tablet inherit_phone\"  data-padding-pos=\"all\" data-has-bg-color=\"false\" data-bg-color=\"\" data-bg-opacity=\"1\" data-animation=\"reveal-from-bottom\" data-delay=\"200\" >\n\t\t<div class=\"vc_column-inner\" >\n\t\t\t<div class=\"wpb_wrapper\">\n\t\t\t\t<div class=\"nectar-fancy-box using-img\" data-style=\"default\" data-animation=\"\" data-hover-o=\"default\" data-border-radius=\"default\" data-border=\"\" data-box-color-opacity=\"1\" data-delay=\"\" data-alignment=\"left\" data-color=\"accent-color\" ><div class=\"box-bg\" ><\/div> <div class=\"inner\" style=\"min-height: 400px\">\n<h3>Unsere Vision und Mission<\/h3>\n<p>Minuaplast hat sich zum Ziel gesetzt, mit nachhaltigen und effizienten Bew\u00e4sserungssystemen einen Beitrag zur Landwirtschaft zu leisten. Wir gestalten die Zukunft mit unserem auf Qualit\u00e4t, Innovation und Kundenzufriedenheit ausgerichteten Ansatz.<\/div> <div class=\"link-text\">Seite anzeigen<span class=\"arrow\"><\/span><\/div> <a  href=\"https:\/\/www.minuaplast.com\/de\/vision-auftrag\/\" class=\"box-link\"><\/a> <\/div>\n\t\t\t<\/div> \n\t\t<\/div>\n\t<\/div> \n\n\t<div  class=\"vc_col-sm-4 wpb_column column_container vc_column_container col has-animation padding-1-percent inherit_tablet inherit_phone\"  data-padding-pos=\"all\" data-has-bg-color=\"false\" data-bg-color=\"\" data-bg-opacity=\"1\" data-animation=\"reveal-from-bottom\" data-delay=\"400\" >\n\t\t<div class=\"vc_column-inner\" >\n\t\t\t<div class=\"wpb_wrapper\">\n\t\t\t\t<div class=\"nectar-fancy-box using-img\" data-style=\"default\" data-animation=\"\" data-hover-o=\"default\" data-border-radius=\"default\" data-border=\"\" data-box-color-opacity=\"1\" data-delay=\"\" data-alignment=\"left\" data-color=\"accent-color\" ><div class=\"box-bg\" ><\/div> <div class=\"inner\" style=\"min-height: 400px\">\n<h3>Unternehmensdokumente<\/h3>\n<p>Wir st\u00e4rken Ihr Vertrauen mit unseren Unternehmensdokumenten! Als Minuaplast legen wir bei all unseren Dokumenten gr\u00f6\u00dften Wert auf Transparenz und Qualit\u00e4t.<\/div> <div class=\"link-text\">Seite anzeigen<span class=\"arrow\"><\/span><\/div> <a  href=\"https:\/\/www.minuaplast.com\/de\/unternehmensdokumente\/\" class=\"box-link\"><\/a> <\/div>\n\t\t\t<\/div> \n\t\t<\/div>\n\t<\/div> \n<\/div><\/div>","protected":false},"excerpt":{"rendered":"Ob Beregnungssysteme oder Spezialbefestigungen - wir haben die L\u00f6sung f\u00fcr Ihren Bedarf. Ob Sie dauerhafte L\u00f6sungen f\u00fcr landwirtschaftliche Bew\u00e4sserungssysteme suchen oder spezielle Befestigungen und Beregnungssysteme entwerfen wollen - Minuaplast...","protected":false},"author":1,"featured_media":0,"parent":0,"menu_order":0,"comment_status":"closed","ping_status":"closed","template":"","meta":{"footnotes":""},"class_list":["post-294","page","type-page","status-publish"],"jetpack_sharing_enabled":true,"_links":{"self":[{"href":"https:\/\/www.minuaplast.com\/de\/wp-json\/wp\/v2\/pages\/294","targetHints":{"allow":["GET"]}}],"collection":[{"href":"https:\/\/www.minuaplast.com\/de\/wp-json\/wp\/v2\/pages"}],"about":[{"href":"https:\/\/www.minuaplast.com\/de\/wp-json\/wp\/v2\/types\/page"}],"author":[{"embeddable":true,"href":"https:\/\/www.minuaplast.com\/de\/wp-json\/wp\/v2\/users\/1"}],"replies":[{"embeddable":true,"href":"https:\/\/www.minuaplast.com\/de\/wp-json\/wp\/v2\/comments?post=294"}],"version-history":[{"count":6,"href":"https:\/\/www.minuaplast.com\/de\/wp-json\/wp\/v2\/pages\/294\/revisions"}],"predecessor-version":[{"id":411,"href":"https:\/\/www.minuaplast.com\/de\/wp-json\/wp\/v2\/pages\/294\/revisions\/411"}],"wp:attachment":[{"href":"https:\/\/www.minuaplast.com\/de\/wp-json\/wp\/v2\/media?parent=294"}],"curies":[{"name":"wp","href":"https:\/\/api.w.org\/{rel}","templated":true}]}}